{"id":9406,"date":"2017-02-26T00:03:56","date_gmt":"2017-02-26T00:03:56","guid":{"rendered":"http:\/\/moresa.templines.org\/?page_id=9406"},"modified":"2025-03-24T23:46:48","modified_gmt":"2025-03-24T23:46:48","slug":"home","status":"publish","type":"page","link":"https:\/\/novatecgroup.com\/es\/","title":{"rendered":"Home"},"content":{"rendered":"<p>[vc_row full_width=\u00bbstretch_row_content_no_spaces\u00bb equal_height=\u00bbyes\u00bb gradient_colors=\u00bb%5B%7B%7D%5D\u00bb css=\u00bb.vc_custom_1658341214300{margin-right: -36px !important;margin-left: 1px !important;}\u00bb][vc_column gradient_colors=\u00bb%5B%7B%7D%5D\u00bb css=\u00bb.vc_custom_1633063597553{margin-top: 0px !important;}\u00bb]\n\t\t\t<!-- START NovatecEspa\u00f1ol REVOLUTION SLIDER 6.3.5 --><p class=\"rs-p-wp-fix\"><\/p>\n\t\t\t<rs-module-wrap id=\"rev_slider_3_1_wrapper\" data-source=\"gallery\" style=\"background:transparent;padding:0;\">\n\t\t\t\t<rs-module id=\"rev_slider_3_1\" style=\"\" data-version=\"6.3.5\">\n\t\t\t\t\t<rs-slides>\n\t\t\t\t\t\t<rs-slide data-key=\"rs-4\" data-title=\"Slide\" data-anim=\"ei:d;eo:d;s:600;r:0;t:fade;sl:d;\"\t\t\tdata-segmenteffect=''\n\t\t\tdata-segmenteffect_style ='style1'\n>\n\t\t\t\t\t\t\t<img loading=\"lazy\" decoding=\"async\" src=\"\/\/novatecgroup.com\/wp-content\/plugins\/revslider\/public\/assets\/assets\/transparent.png\" alt=\"Slide\" title=\"day2022-bmw-m240i-exterior-headlight\" width=\"1280\" height=\"720\" data-parallax=\"off\" class=\"rev-slidebg\" data-no-retina>\n<!--\n\t\t\t\t\t\t\t--><rs-layer\n\t\t\t\t\t\t\t\tid=\"slider-3-slide-4-layer-0\" \n\t\t\t\t\t\t\t\tdata-type=\"image\"\n\t\t\t\t\t\t\t\tdata-rsp_ch=\"on\"\n\t\t\t\t\t\t\t\tdata-text=\"w:normal;s:20,16,12,7;l:0,20,15,9;\"\n\t\t\t\t\t\t\t\tdata-dim=\"w:['100%','100%','100%','100%'];h:['100%','100%','100%','100%'];\"\n\t\t\t\t\t\t\t\tdata-basealign=\"slide\"\n\t\t\t\t\t\t\t\tdata-frame_1=\"st:2060;sR:2060;\"\n\t\t\t\t\t\t\t\tdata-frame_999=\"o:0;st:w;sR:6640;\"\n\t\t\t\t\t\t\t\tstyle=\"z-index:10;\"\n\t\t\t\t\t\t\t><img loading=\"lazy\" decoding=\"async\" src=\"\/\/novatecgroup.com\/wp-content\/uploads\/2021\/10\/2022-bmw-m240i-exterior-headlight.jpg\" width=\"1280\" height=\"720\" data-c=\"cover-proportional\" data-no-retina> \n\t\t\t\t\t\t\t<\/rs-layer><!--\n\n\t\t\t\t\t\t\t--><rs-layer\n\t\t\t\t\t\t\t\tid=\"slider-3-slide-4-layer-1\" \n\t\t\t\t\t\t\t\tclass=\"rs-pxl-1\"\n\t\t\t\t\t\t\t\tdata-type=\"text\"\n\t\t\t\t\t\t\t\tdata-rsp_ch=\"on\"\n\t\t\t\t\t\t\t\tdata-xy=\"x:c;xo:0,-2px,-2px,-1px;y:m;yo:-83px,-72px,-72px,-21px;\"\n\t\t\t\t\t\t\t\tdata-text=\"s:50,50,50,30;l:50,50,50,30;a:inherit;\"\n\t\t\t\t\t\t\t\tdata-frame_1=\"st:590;sp:480;sR:590;\"\n\t\t\t\t\t\t\t\tdata-frame_999=\"o:0;st:w;sR:7930;\"\n\t\t\t\t\t\t\t\tstyle=\"z-index:11;font-family:Raleway;\"\n\t\t\t\t\t\t\t>Bienvenido a \n\t\t\t\t\t\t\t<\/rs-layer><!--\n\n\t\t\t\t\t\t\t--><rs-layer\n\t\t\t\t\t\t\t\tid=\"slider-3-slide-4-layer-3\" \n\t\t\t\t\t\t\t\tdata-type=\"image\"\n\t\t\t\t\t\t\t\tdata-rsp_ch=\"on\"\n\t\t\t\t\t\t\t\tdata-text=\"w:normal;s:20,16,12,7;l:0,20,15,9;\"\n\t\t\t\t\t\t\t\tdata-dim=\"w:['100%','100%','100%','100%'];h:['100%','100%','100%','100%'];\"\n\t\t\t\t\t\t\t\tdata-basealign=\"slide\"\n\t\t\t\t\t\t\t\tdata-frame_999=\"o:0;st:w;sR:8700;\"\n\t\t\t\t\t\t\t\tstyle=\"z-index:9;\"\n\t\t\t\t\t\t\t><img loading=\"lazy\" decoding=\"async\" src=\"\/\/novatecgroup.com\/wp-content\/uploads\/2021\/10\/day2022-bmw-m240i-exterior-headlight.jpg\" width=\"1280\" height=\"720\" data-c=\"cover-proportional\" data-no-retina> \n\t\t\t\t\t\t\t<\/rs-layer><!--\n\n\t\t\t\t\t\t\t--><rs-layer\n\t\t\t\t\t\t\t\tid=\"slider-3-slide-4-layer-4\" \n\t\t\t\t\t\t\t\tdata-type=\"image\"\n\t\t\t\t\t\t\t\tdata-rsp_ch=\"on\"\n\t\t\t\t\t\t\t\tdata-xy=\"x:c;yo:406px,335px,448px,367px;\"\n\t\t\t\t\t\t\t\tdata-text=\"w:normal;s:20,16,12,7;l:0,20,15,9;\"\n\t\t\t\t\t\t\t\tdata-dim=\"w:428px,353px,268px,165px;h:156px,128px,97px,59px;\"\n\t\t\t\t\t\t\t\tdata-frame_1=\"st:2430;sR:2430;\"\n\t\t\t\t\t\t\t\tdata-frame_999=\"o:0;st:w;sR:6270;\"\n\t\t\t\t\t\t\t\tstyle=\"z-index:13;\"\n\t\t\t\t\t\t\t><img loading=\"lazy\" decoding=\"async\" src=\"\/\/novatecgroup.com\/wp-content\/uploads\/2021\/08\/Recurso-1.png\" width=\"428\" height=\"156\" data-no-retina> \n\t\t\t\t\t\t\t<\/rs-layer><!--\n\n\t\t\t\t\t\t\t--><rs-layer\n\t\t\t\t\t\t\t\tid=\"slider-3-slide-4-layer-7\" \n\t\t\t\t\t\t\t\tclass=\"rs-pxl-1\"\n\t\t\t\t\t\t\t\tdata-type=\"image\"\n\t\t\t\t\t\t\t\tdata-rsp_ch=\"on\"\n\t\t\t\t\t\t\t\tdata-xy=\"x:c;xo:0,0,-978px,-1003px;yo:273px,241px,595px,302px;\"\n\t\t\t\t\t\t\t\tdata-text=\"l:22;a:inherit;\"\n\t\t\t\t\t\t\t\tdata-dim=\"w:['600px','600px','600px','600px'];h:['300px','300px','300px','300px'];\"\n\t\t\t\t\t\t\t\tdata-vbility=\"t,t,f,f\"\n\t\t\t\t\t\t\t\tdata-frame_1=\"st:1710;sR:1710;\"\n\t\t\t\t\t\t\t\tdata-frame_999=\"o:0;st:w;sR:6990;\"\n\t\t\t\t\t\t\t\tstyle=\"z-index:8;\"\n\t\t\t\t\t\t\t> \n\t\t\t\t\t\t\t<\/rs-layer><!--\n-->\t\t\t\t\t\t<\/rs-slide>\n\t\t\t\t\t\t<rs-slide data-key=\"rs-5\" data-title=\"Slide\" data-anim=\"ei:d;eo:d;s:600;r:0;t:fade;sl:d;\"\t\t\tdata-segmenteffect=''\n\t\t\tdata-segmenteffect_style ='style1'\n>\n\t\t\t\t\t\t\t<img loading=\"lazy\" decoding=\"async\" src=\"\/\/novatecgroup.com\/wp-content\/plugins\/revslider\/public\/assets\/assets\/transparent.png\" alt=\"Slide\" title=\"day2022-bmw-m240i-exterior-headlight\" width=\"1280\" height=\"720\" data-parallax=\"off\" class=\"rev-slidebg\" data-no-retina>\n<!--\n\t\t\t\t\t\t\t--><rs-layer\n\t\t\t\t\t\t\t\tid=\"slider-3-slide-5-layer-0\" \n\t\t\t\t\t\t\t\tdata-type=\"image\"\n\t\t\t\t\t\t\t\tdata-rsp_ch=\"on\"\n\t\t\t\t\t\t\t\tdata-text=\"w:normal;s:20,16,12,7;l:0,20,15,9;\"\n\t\t\t\t\t\t\t\tdata-dim=\"w:['100%','100%','100%','100%'];h:['100%','100%','100%','100%'];\"\n\t\t\t\t\t\t\t\tdata-basealign=\"slide\"\n\t\t\t\t\t\t\t\tdata-frame_1=\"st:2060;sR:2060;\"\n\t\t\t\t\t\t\t\tdata-frame_999=\"o:0;st:w;sR:6640;\"\n\t\t\t\t\t\t\t\tstyle=\"z-index:10;\"\n\t\t\t\t\t\t\t><img loading=\"lazy\" decoding=\"async\" src=\"\/\/novatecgroup.com\/wp-content\/uploads\/2021\/10\/1Mercedes-Benz-GLS-2020-1600-99.jpg\" width=\"1600\" height=\"1089\" data-c=\"cover-proportional\" data-no-retina> \n\t\t\t\t\t\t\t<\/rs-layer><!--\n\n\t\t\t\t\t\t\t--><rs-layer\n\t\t\t\t\t\t\t\tid=\"slider-3-slide-5-layer-1\" \n\t\t\t\t\t\t\t\tclass=\"rs-pxl-1\"\n\t\t\t\t\t\t\t\tdata-type=\"text\"\n\t\t\t\t\t\t\t\tdata-rsp_ch=\"on\"\n\t\t\t\t\t\t\t\tdata-xy=\"x:c;xo:2px,-2px,-2px,-1px;y:m;yo:-51px,-72px,-72px,-21px;\"\n\t\t\t\t\t\t\t\tdata-text=\"s:50,50,50,30;l:50,50,50,30;a:inherit;\"\n\t\t\t\t\t\t\t\tdata-frame_1=\"st:590;sp:480;sR:590;\"\n\t\t\t\t\t\t\t\tdata-frame_999=\"o:0;st:w;sR:7930;\"\n\t\t\t\t\t\t\t\tstyle=\"z-index:11;font-family:Raleway;\"\n\t\t\t\t\t\t\t>Iluminaci\u00f3n interior y exterior \n\t\t\t\t\t\t\t<\/rs-layer><!--\n\n\t\t\t\t\t\t\t--><rs-layer\n\t\t\t\t\t\t\t\tid=\"slider-3-slide-5-layer-2\" \n\t\t\t\t\t\t\t\tclass=\"rs-pxl-1\"\n\t\t\t\t\t\t\t\tdata-type=\"text\"\n\t\t\t\t\t\t\t\tdata-rsp_ch=\"on\"\n\t\t\t\t\t\t\t\tdata-xy=\"x:c;xo:1px,2px,2px,-1px;y:m;yo:54px,12px,12px,34px;\"\n\t\t\t\t\t\t\t\tdata-text=\"s:70,70,50,30;l:70,70,70,40;fw:300,700,700,700;a:inherit;\"\n\t\t\t\t\t\t\t\tdata-frame_1=\"st:2430;sR:2430;\"\n\t\t\t\t\t\t\t\tdata-frame_999=\"o:0;st:w;sR:6270;\"\n\t\t\t\t\t\t\t\tstyle=\"z-index:12;font-family:Raleway;\"\n\t\t\t\t\t\t\t>para la industria automotriz \n\t\t\t\t\t\t\t<\/rs-layer><!--\n\n\t\t\t\t\t\t\t--><rs-layer\n\t\t\t\t\t\t\t\tid=\"slider-3-slide-5-layer-3\" \n\t\t\t\t\t\t\t\tdata-type=\"image\"\n\t\t\t\t\t\t\t\tdata-rsp_ch=\"on\"\n\t\t\t\t\t\t\t\tdata-text=\"w:normal;s:20,16,12,7;l:0,20,15,9;\"\n\t\t\t\t\t\t\t\tdata-dim=\"w:['100%','100%','100%','100%'];h:['100%','100%','100%','100%'];\"\n\t\t\t\t\t\t\t\tdata-basealign=\"slide\"\n\t\t\t\t\t\t\t\tdata-frame_999=\"o:0;st:w;sR:8700;\"\n\t\t\t\t\t\t\t\tstyle=\"z-index:9;\"\n\t\t\t\t\t\t\t><img loading=\"lazy\" decoding=\"async\" src=\"\/\/novatecgroup.com\/wp-content\/uploads\/2021\/10\/2Mercedes-Benz-GLS-2020-1600-99.jpg\" width=\"1600\" height=\"1089\" data-c=\"cover-proportional\" data-no-retina> \n\t\t\t\t\t\t\t<\/rs-layer><!--\n-->\t\t\t\t\t\t<\/rs-slide>\n\t\t\t\t\t<\/rs-slides>\n\t\t\t\t<\/rs-module>\n\t\t\t\t<script type=\"text\/javascript\">\n\t\t\t\t\tsetREVStartSize({c: 'rev_slider_3_1',rl:[1240,1024,778,480],el:[868,768,960,720],gw:[1240,1024,778,480],gh:[868,768,960,720],type:'standard',justify:'',layout:'fullscreen',offsetContainer:'',offset:'',mh:\"0\"});\n\t\t\t\t\tvar\trevapi3,\n\t\t\t\t\t\ttpj;\n\t\t\t\t\tfunction revinit_revslider31() {\n\t\t\t\t\tjQuery(function() {\n\t\t\t\t\t\ttpj = jQuery;\n\t\t\t\t\t\trevapi3 = tpj(\"#rev_slider_3_1\");\n\t\t\t\t\t\tif(revapi3==undefined || revapi3.revolution == undefined){\n\t\t\t\t\t\t\trevslider_showDoubleJqueryError(\"rev_slider_3_1\");\n\t\t\t\t\t\t}else{\n\t\t\t\t\t\t\trevapi3.revolution({\n\t\t\t\t\t\t\t\tsliderLayout:\"fullscreen\",\n\t\t\t\t\t\t\t\tvisibilityLevels:\"1240,1024,778,480\",\n\t\t\t\t\t\t\t\tgridwidth:\"1240,1024,778,480\",\n\t\t\t\t\t\t\t\tgridheight:\"868,768,960,720\",\n\t\t\t\t\t\t\t\tspinner:\"spinner0\",\n\t\t\t\t\t\t\t\tperspective:600,\n\t\t\t\t\t\t\t\tperspectiveType:\"local\",\n\t\t\t\t\t\t\t\teditorheight:\"868,768,960,720\",\n\t\t\t\t\t\t\t\tresponsiveLevels:\"1240,1024,778,480\",\n\t\t\t\t\t\t\t\tprogressBar:{disableProgressBar:true},\n\t\t\t\t\t\t\t\tnavigation: {\n\t\t\t\t\t\t\t\t\tonHoverStop:false\n\t\t\t\t\t\t\t\t},\n\t\t\t\t\t\t\t\tparallax: {\n\t\t\t\t\t\t\t\t\tlevels:[5,10,15,20,25,30,35,40,45,46,47,48,49,50,51,55],\n\t\t\t\t\t\t\t\t\ttype:\"mouse\"\n\t\t\t\t\t\t\t\t},\n\t\t\t\t\t\t\t\tfallbacks: {\n\t\t\t\t\t\t\t\t\tallowHTML5AutoPlayOnAndroid:true\n\t\t\t\t\t\t\t\t},\n\t\t\t\t\t\t\t});\n\t\t\t\t\t\t}\n\t\t\t\t\t\t\n                RsSegmenteffectAddOn(tpj, revapi3);\n\n\t\t\t\t\t});\n\t\t\t\t\t} \/\/ End of RevInitScript\n\t\t\t\tvar once_revslider31 = false;\n\t\t\t\tif (document.readyState === \"loading\") {document.addEventListener('readystatechange',function() { if((document.readyState === \"interactive\" || document.readyState === \"complete\") && !once_revslider31 ) { once_revslider31 = true; revinit_revslider31();}});} else {once_revslider31 = true; revinit_revslider31();}\n\t\t\t\t<\/script>\n\t\t\t<\/rs-module-wrap>\n\t\t\t<!-- END REVOLUTION SLIDER -->\n[\/vc_column][\/vc_row][vc_row ppadding=\u00bbvc_row-padding-top\u00bb gradient_colors=\u00bb%5B%7B%7D%5D\u00bb poverlay=\u00bbno-overlay\u00bb row_title=\u00bb1&#8243; title_animate=\u00bbrotateInDownLeft\u00bb css=\u00bb.vc_custom_1632402991111{padding-bottom: 65px !important;}\u00bb title=\u00bbNOVATEC\u00bb subtitle=\u00bbNovatec\u00bb num=\u00bb01&#8243; el_id=\u00bbwelcome\u00bb][vc_column width=\u00bb1\/2&#8243;][vc_row_inner][vc_column_inner css=\u00bb.vc_custom_1488471407874{padding-right: 70px !important;}\u00bb][m_about_box cut_corner_2=\u00bbleft-bottom\u00bb image1=\u00bb9321&#8243; image2=\u00bb9323&#8243; title1=\u00bbDise\u00f1o, Desarrollo y Manufactura de\u00bb title2=\u00bbiluminaci\u00f3n exterior e interior\u00bb]Novatec Group es una empresa de inyecci\u00f3n de pl\u00e1stico especializada en el dise\u00f1o, desarrollo y manufactura de piezas pl\u00e1sticas de iluminaci\u00f3n exterior e interior enfocada a la reducci\u00f3n de costos con base a procesos productivos de alta especializaci\u00f3n as\u00ed como tambi\u00e9n sub-ensambles y procesos de valor agregado.<\/p>\n<style>.b-blockquote-holder{display:none !important;}.normal-logo{max-width.250px !important;}<\/style>\n<p>[\/m_about_box][vc_separator css=\u00bb.vc_custom_1628619564036{padding-top: 15px !important;padding-bottom: 35px !important;}\u00bb][\/vc_column_inner][\/vc_row_inner][vc_row_inner][vc_column_inner width=\u00bb1\/2&#8243;][\/vc_column_inner][vc_column_inner width=\u00bb1\/2&#8243;][vc_raw_html]JTNDc3R5bGUlM0UlMjNyb2pvJTdCYmFja2dyb3VuZC1jb2xvciUzQSUyMzlkMjIzNCUyMCUyMWltcG9ydGFudCUzQiU3RCUzQyUyRnN0eWxlJTNF[\/vc_raw_html][\/vc_column_inner][\/vc_row_inner][\/vc_column][vc_column width=\u00bb1\/2&#8243;][vc_row_inner css_animation=\u00bbnone\u00bb gradient_colors=\u00bb%5B%7B%7D%5D\u00bb][vc_column_inner][m_image type=\u00bb1&#8243; css_animation=\u00bbbounce\u00bb image=\u00bb10718&#8243;][\/m_image][\/vc_column_inner][\/vc_row_inner][\/vc_column][\/vc_row][vc_row ppadding=\u00bbvc_row-padding-top\u00bb gradient_colors=\u00bb%5B%7B%7D%5D\u00bb poverlay=\u00bbno-overlay\u00bb row_title=\u00bb1&#8243; title_animate=\u00bbrotateInDownLeft\u00bb css=\u00bb.vc_custom_1632403075664{margin-bottom: 30px !important;padding-bottom: 65px !important;}\u00bb title=\u00bbTECNOLOG\u00cdA\u00bb subtitle=\u00bbNovatec\u00bb num=\u00bb02&#8243;][vc_column width=\u00bb1\/2&#8243;][m_image type=\u00bb1&#8243; css_animation=\u00bbbounce\u00bb image=\u00bb10773&#8243;][\/m_image][\/vc_column][vc_column width=\u00bb1\/2&#8243;][vc_row_inner css_animation=\u00bbnone\u00bb gradient_colors=\u00bb%5B%7B%7D%5D\u00bb][vc_column_inner][\/vc_column_inner][\/vc_row_inner][vc_row_inner][vc_column_inner css=\u00bb.vc_custom_1488471407874{padding-right: 70px !important;}\u00bb][m_about_box cut_corner_2=\u00bbleft-bottom\u00bb image1=\u00bb9321&#8243; image2=\u00bb9323&#8243; title1=\u00bbLos productos de\u00bb title2=\u00bbnuestra Tecnolog\u00eda\u00bb][\/m_about_box][vc_separator css=\u00bb.vc_custom_1628619564036{padding-top: 15px !important;padding-bottom: 35px !important;}\u00bb][\/vc_column_inner][\/vc_row_inner][vc_row_inner][vc_column_inner width=\u00bb1\/2&#8243;][vc_column_text]<\/p>\n<h2>Productos<\/h2>\n<p>Nuestros productos son el resultado de una investigaci\u00f3n constante y un sinf\u00edn de controles de calidad para asegurar a nuestros clientes los m\u00e1s altos est\u00e1ndares de calidad del mercado.[\/vc_column_text][vc_btn title=\u00bbVer Productos\u00bb link=\u00bburl:%2Fes%2Fproducts%2F|title:Products\u00bb][\/vc_column_inner][vc_column_inner width=\u00bb1\/2&#8243;][vc_column_text]<\/p>\n<h2>Tecnolog\u00eda<\/h2>\n<p>Estamos en constante b\u00fasqueda de las \u00faltimas tecnolog\u00edas e invirtiendo en ellas para lograr un producto que se destaque del resto. Un producto final de alta calidad y alta tecnolog\u00eda.[\/vc_column_text][vc_btn title=\u00bbConoce m\u00e1s\u00bb link=\u00bburl:%2Fes%2Ftechnology%2F|title:Tecnolog%C3%ADa\u00bb][vc_raw_html]JTNDc3R5bGUlM0UlMjNyb2pvJTdCYmFja2dyb3VuZC1jb2xvciUzQSUyMzlkMjIzNCUyMCUyMWltcG9ydGFudCUzQiU3RCUzQyUyRnN0eWxlJTNF[\/vc_raw_html][\/vc_column_inner][\/vc_row_inner][\/vc_column][\/vc_row][vc_row gradient_colors=\u00bb%5B%7B%7D%5D\u00bb][vc_column][vc_separator color=\u00bbcustom\u00bb border_width=\u00bb2&#8243; accent_color=\u00bb#9d2234&#8243;][\/vc_column][\/vc_row][vc_row ppadding=\u00bbvc_row-padding-both\u00bb gradient_colors=\u00bb%5B%7B%7D%5D\u00bb poverlay=\u00bbno-overlay\u00bb row_title=\u00bb1&#8243; title_animate=\u00bbrotateInDownLeft\u00bb css=\u00bb.vc_custom_1632403277229{padding-bottom: 65px !important;}\u00bb title=\u00bbClientes\u00bb subtitle=\u00bbNovatec\u00bb num=\u00bb03&#8243;][vc_column width=\u00bb1\/5&#8243;][vc_single_image image=\u00bb10753&#8243; img_size=\u00bb75&#215;75&#8243; alignment=\u00bbcenter\u00bb css=\u00bb.vc_custom_1634266327711{margin-top: 20px !important;}\u00bb][vc_single_image image=\u00bb10760&#8243; img_size=\u00bb75&#215;75&#8243; alignment=\u00bbcenter\u00bb css=\u00bb.vc_custom_1634266331940{margin-top: 20px !important;}\u00bb][\/vc_column][vc_column width=\u00bb1\/5&#8243;][vc_single_image image=\u00bb10752&#8243; img_size=\u00bb75&#215;75&#8243; alignment=\u00bbcenter\u00bb][vc_single_image image=\u00bb10761&#8243; img_size=\u00bb75&#215;75&#8243; alignment=\u00bbcenter\u00bb][\/vc_column][vc_column width=\u00bb1\/5&#8243;][vc_single_image image=\u00bb10757&#8243; img_size=\u00bb75&#215;75&#8243; alignment=\u00bbcenter\u00bb][vc_single_image image=\u00bb10764&#8243; img_size=\u00bb75&#215;75&#8243; alignment=\u00bbcenter\u00bb][\/vc_column][vc_column width=\u00bb1\/5&#8243;][vc_single_image image=\u00bb10758&#8243; img_size=\u00bb75&#215;75&#8243; alignment=\u00bbcenter\u00bb][vc_single_image image=\u00bb10762&#8243; img_size=\u00bb75&#215;75&#8243; alignment=\u00bbcenter\u00bb][\/vc_column][vc_column width=\u00bb1\/5&#8243;][vc_single_image image=\u00bb10759&#8243; img_size=\u00bb75&#215;75&#8243; alignment=\u00bbcenter\u00bb][vc_single_image image=\u00bb10763&#8243; img_size=\u00bb75&#215;75&#8243; alignment=\u00bbcenter\u00bb][\/vc_column][\/vc_row][vc_row][vc_column][vc_row_inner][vc_column_inner width=\u00bb1\/2&#8243;][m_about_box cut_corner_2=\u00bbleft-bottom\u00bb image1=\u00bb9321&#8243; image2=\u00bb9323&#8243; title1=\u00bbSubvenciones\u00bb title2=\u00bbEspa\u00f1a\u00bb][\/m_about_box][\/vc_column_inner][vc_column_inner width=\u00bb1\/3&#8243;][\/vc_column_inner][vc_column_inner width=\u00bb1\/3&#8243;][\/vc_column_inner][\/vc_row_inner][vc_row_inner][vc_column_inner width=\u00bb1\/3&#8243; css=\u00bb.vc_custom_1687156043041{margin-top: 15px !important;margin-right: 15px !important;margin-bottom: 15px !important;margin-left: 15px !important;}\u00bb][vc_single_image image=\u00bb11329&#8243; img_size=\u00bb300&#215;157&#8243; alignment=\u00bbcenter\u00bb onclick=\u00bbcustom_link\u00bb img_link_target=\u00bb_blank\u00bb link=\u00bbhttps:\/\/novatecgroup.com\/wp-content\/uploads\/2023\/06\/SubvencionGVA_LineasInyeccionDispositivosMedicion.pdf\u00bb][\/vc_column_inner][vc_column_inner width=\u00bb1\/3&#8243;][vc_single_image image=\u00bb11337&#8243; img_size=\u00bb1056&#215;266&#8243; alignment=\u00bbcenter\u00bb onclick=\u00bbcustom_link\u00bb img_link_target=\u00bb_blank\u00bb link=\u00bbhttps:\/\/novatecgroup.com\/wp-content\/uploads\/2023\/06\/CartelReindusNovatec.pdf\u00bb css=\u00bb.vc_custom_1687156052902{margin-top: 15px !important;margin-right: 15px !important;margin-bottom: 15px !important;margin-left: 15px !important;}\u00bb][\/vc_column_inner][vc_column_inner width=\u00bb1\/3&#8243; css=\u00bb.vc_custom_1687156062724{margin-top: 15px !important;margin-right: 15px !important;margin-bottom: 15px !important;margin-left: 15px !important;}\u00bb][vc_single_image image=\u00bb11334&#8243; img_size=\u00bb300&#215;129&#8243; alignment=\u00bbcenter\u00bb onclick=\u00bbcustom_link\u00bb img_link_target=\u00bb_blank\u00bb link=\u00bbhttps:\/\/novatecgroup.com\/wp-content\/uploads\/2023\/06\/Apoyo_Proyecto_IMACPA_2019_41.pdf\u00bb][\/vc_column_inner][\/vc_row_inner][\/vc_column][\/vc_row]<\/p>\n","protected":false},"excerpt":{"rendered":"<p>[vc_row full_width=\u00bbstretch_row_content_no_spaces\u00bb equal_height=\u00bbyes\u00bb gradient_colors=\u00bb%5B%7B%7D%5D\u00bb css=\u00bb.vc_custom_1658341214300{margin-right: -36px !important;margin-left: 1px !important;}\u00bb][vc_column gradient_colors=\u00bb%5B%7B%7D%5D\u00bb css=\u00bb.vc_custom_1633063597553{margin-top: 0px !important;}\u00bb][\/vc_column][\/vc_row][vc_row ppadding=\u00bbvc_row-padding-top\u00bb gradient_colors=\u00bb%5B%7B%7D%5D\u00bb poverlay=\u00bbno-overlay\u00bb row_title=\u00bb1&#8243; title_animate=\u00bbrotateInDownLeft\u00bb css=\u00bb.vc_custom_1632402991111{padding-bottom: 65px !important;}\u00bb title=\u00bbNOVATEC\u00bb subtitle=\u00bbNovatec\u00bb num=\u00bb01&#8243; el_id=\u00bbwelcome\u00bb][vc_column width=\u00bb1\/2&#8243;][vc_row_inner][vc_column_inner css=\u00bb.vc_custom_1488471407874{padding-right: 70px !important;}\u00bb][m_about_box cut_corner_2=\u00bbleft-bottom\u00bb image1=\u00bb9321&#8243; image2=\u00bb9323&#8243; title1=\u00bbDise\u00f1o, Desarrollo y Manufactura de\u00bb title2=\u00bbiluminaci\u00f3n exterior e interior\u00bb]Novatec Group es una empresa de inyecci\u00f3n de pl\u00e1stico especializada en el dise\u00f1o, desarrollo y [&hellip;]<\/p>\n","protected":false},"author":1,"featured_media":0,"parent":0,"menu_order":0,"comment_status":"closed","ping_status":"closed","template":"page-home.php","meta":{"_monsterinsights_skip_tracking":false,"_monsterinsights_sitenote_active":false,"_monsterinsights_sitenote_note":"","_monsterinsights_sitenote_category":0,"footnotes":""},"class_list":["post-9406","page","type-page","status-publish","hentry"],"_links":{"self":[{"href":"https:\/\/novatecgroup.com\/es\/wp-json\/wp\/v2\/pages\/9406","targetHints":{"allow":["GET"]}}],"collection":[{"href":"https:\/\/novatecgroup.com\/es\/wp-json\/wp\/v2\/pages"}],"about":[{"href":"https:\/\/novatecgroup.com\/es\/wp-json\/wp\/v2\/types\/page"}],"author":[{"embeddable":true,"href":"https:\/\/novatecgroup.com\/es\/wp-json\/wp\/v2\/users\/1"}],"replies":[{"embeddable":true,"href":"https:\/\/novatecgroup.com\/es\/wp-json\/wp\/v2\/comments?post=9406"}],"version-history":[{"count":119,"href":"https:\/\/novatecgroup.com\/es\/wp-json\/wp\/v2\/pages\/9406\/revisions"}],"predecessor-version":[{"id":11357,"href":"https:\/\/novatecgroup.com\/es\/wp-json\/wp\/v2\/pages\/9406\/revisions\/11357"}],"wp:attachment":[{"href":"https:\/\/novatecgroup.com\/es\/wp-json\/wp\/v2\/media?parent=9406"}],"curies":[{"name":"wp","href":"https:\/\/api.w.org\/{rel}","templated":true}]}}