{"id":147,"date":"2015-11-02T16:27:48","date_gmt":"2015-11-02T16:27:48","guid":{"rendered":"http:\/\/prestazilla.org\/wordpress\/transargo\/?page_id=147"},"modified":"2023-06-14T18:42:27","modified_gmt":"2023-06-14T18:42:27","slug":"technology","status":"publish","type":"page","link":"https:\/\/novatecgroup.com\/es\/technology\/","title":{"rendered":"Tecnolog\u00eda"},"content":{"rendered":"<p>[vc_row full_width=\u00bbstretch_row_content_no_spaces\u00bb gradient_colors=\u00bb%5B%7B%7D%5D\u00bb css=\u00bb.vc_custom_1666632860899{background-image: url(https:\/\/novatecgroup.com\/wp-content\/uploads\/2021\/10\/robotico-brazo.jpg?id=11134) !important;}\u00bb][vc_column gradient_colors=\u00bb%5B%7B%7D%5D\u00bb css=\u00bb.vc_custom_1633103850143{margin-top: 150px !important;margin-bottom: 150px !important;}\u00bb][vc_custom_heading text=\u00bbTecnolog\u00eda\u00bb font_container=\u00bbtag:h2|font_size:48|text_align:center|color:%23ffffff\u00bb google_fonts=\u00bbfont_family:Raleway%3A100%2C200%2C300%2Cregular%2C500%2C600%2C700%2C800%2C900|font_style:700%20bold%20regular%3A700%3Anormal\u00bb][\/vc_column][\/vc_row][vc_row gap=\u00bb10&#8243; gradient_colors=\u00bb%5B%7B%7D%5D\u00bb css=\u00bb.vc_custom_1636425699699{margin-top: 100px !important;}\u00bb][vc_column width=\u00bb1\/4&#8243; gradient_colors=\u00bb%5B%7B%7D%5D\u00bb css=\u00bb.vc_custom_1636425970821{margin-right: 15px !important;}\u00bb][vc_hoverbox image=\u00bb11198&#8243; primary_title=\u00bb\u00bb hover_title=\u00bb\u00bb]Inyecci\u00f3n de pl\u00e1sticos de 2 materiales distintos.[\/vc_hoverbox][m_feature_info title=\u00bb2K injection\u00bb][\/m_feature_info][\/vc_column][vc_column width=\u00bb1\/4&#8243; gradient_colors=\u00bb%5B%7B%7D%5D\u00bb css=\u00bb.vc_custom_1636425291508{margin-right: 15px !important;margin-left: 15px !important;}\u00bb][vc_hoverbox image=\u00bb11201&#8243; primary_title=\u00bb\u00bb hover_title=\u00bb\u00bb]Fundici\u00f3n de corte de piezas con tecnolog\u00eda l\u00e1ser[\/vc_hoverbox][m_feature_info title=\u00bbCorte L\u00e1ser\u00bb][\/m_feature_info][\/vc_column][vc_column width=\u00bb1\/4&#8243; gradient_colors=\u00bb%5B%7B%7D%5D\u00bb css=\u00bb.vc_custom_1636425300485{margin-right: 15px !important;margin-left: 15px !important;}\u00bb][vc_hoverbox image=\u00bb11202&#8243; primary_title=\u00bb\u00bb hover_title=\u00bb\u00bb]Moldeado de piezas con requisitos fotom\u00e9tricos.[\/vc_hoverbox][m_feature_info title=\u00bbPartes \u00f3pticas para iluminaci\u00f3n\u00bb][\/m_feature_info][\/vc_column][vc_column width=\u00bb1\/4&#8243; gradient_colors=\u00bb%5B%7B%7D%5D\u00bb css=\u00bb.vc_custom_1636425980802{margin-left: 15px !important;}\u00bb][vc_hoverbox image=\u00bb11221&#8243; primary_title=\u00bb\u00bb hover_title=\u00bb\u00bb]Taller de moldes para mantenimiento y peque\u00f1os cambios de ingenier\u00eda.[\/vc_hoverbox][m_feature_info title=\u00bbTaller\u00bb][\/m_feature_info][\/vc_column][\/vc_row][vc_row gap=\u00bb15&#8243; gradient_colors=\u00bb%5B%7B%7D%5D\u00bb][vc_column width=\u00bb1\/4&#8243;][vc_hoverbox image=\u00bb11215&#8243; primary_title=\u00bb\u00bb hover_title=\u00bb\u00bb]Proceso de ensamblaje de componentes[\/vc_hoverbox][m_feature_info title=\u00bbProceso Assy\u00bb][\/m_feature_info][\/vc_column][vc_column width=\u00bb1\/4&#8243;][vc_hoverbox image=\u00bb11217&#8243; primary_title=\u00bb\u00bb hover_title=\u00bb\u00bb]Proceso 100% automatizado con robots de 6 ejes[\/vc_hoverbox][m_feature_info title=\u00bbRobot 6 ejes\u00bb][\/m_feature_info][\/vc_column][vc_column width=\u00bb1\/4&#8243;][vc_hoverbox image=\u00bb11218&#8243; primary_title=\u00bb\u00bb hover_title=\u00bb\u00bb]Proceso de montaje de piezas electr\u00f3nicas en entorno ESD (descarga electrost\u00e1tica)[\/vc_hoverbox][m_feature_info title=\u00bbEnsamblaje de electr\u00f3nicos\u00bb][\/m_feature_info][\/vc_column][vc_column width=\u00bb1\/4&#8243;][vc_hoverbox image=\u00bb11219&#8243; primary_title=\u00bb\u00bb hover_title=\u00bb\u00bb]M\u00e9todo de control con visi\u00f3n artificial[\/vc_hoverbox][m_feature_info title=\u00bbControl de procesos con visi\u00f3n artificial\u00bb][\/m_feature_info][\/vc_column][\/vc_row][vc_row gap=\u00bb15&#8243; gradient_colors=\u00bb%5B%7B%7D%5D\u00bb][vc_column width=\u00bb1\/4&#8243; gradient_colors=\u00bb%5B%7B%7D%5D\u00bb css=\u00bb.vc_custom_1636426962117{margin-right: 15px !important;}\u00bb][vc_hoverbox image=\u00bb11222&#8243; primary_title=\u00bb\u00bb hover_title=\u00bb\u00bb]Molde con la capacidad de resistir una variaci\u00f3n t\u00e9rmica durante el proceso de inyecci\u00f3n. TIPOS: -Vapor -Induscci\u00f3n -Resistencia[\/vc_hoverbox][m_feature_info title=\u00bbFr\u00edo y Calor\u00bb][\/m_feature_info][\/vc_column][vc_column width=\u00bb1\/4&#8243; gradient_colors=\u00bb%5B%7B%7D%5D\u00bb css=\u00bb.vc_custom_1636426970822{margin-right: 15px !important;margin-left: 15px !important;}\u00bb][vc_hoverbox image=\u00bb11223&#8243; primary_title=\u00bb\u00bb hover_title=\u00bb\u00bb]El proceso qu\u00edmico de metalizaci\u00f3n es utilizado ampliamente en ciertos tipos de pl\u00e1sticos. Es un proceso que consiste de dos pasos: El primero consiste en diferentes ba\u00f1os qu\u00edmicos. El segundo son ba\u00f1os electrol\u00edticos para otorgar diferentes propiedades al producto terminado.[\/vc_hoverbox][m_feature_info title=\u00bbMetalizaci\u00f3n\u00bb][\/m_feature_info][\/vc_column][vc_column width=\u00bb1\/4&#8243; gradient_colors=\u00bb%5B%7B%7D%5D\u00bb css=\u00bb.vc_custom_1636426978599{margin-right: 15px !important;margin-left: 15px !important;}\u00bb][vc_hoverbox image=\u00bb11226&#8243; primary_title=\u00bb\u00bb hover_title=\u00bb\u00bb]Proceso en el que 3 materiales son unidos y moldeados al mismo tiempo, ayudando a reducir el tiempo de producci\u00f3n y sus costos.[\/vc_hoverbox][m_feature_info title=\u00bbInyecci\u00f3n 3K\u00bb][\/m_feature_info][\/vc_column][vc_column width=\u00bb1\/4&#8243; gradient_colors=\u00bb%5B%7B%7D%5D\u00bb css=\u00bb.vc_custom_1636426985787{margin-left: 15px !important;}\u00bb][vc_hoverbox image=\u00bb11227&#8243; primary_title=\u00bb\u00bb hover_title=\u00bb\u00bb]Proceso de ensamblaje de partes electr\u00f3nicas en un ambiente libre de est\u00e1tica (ESD) y un proceso de montaje con soldado ultras\u00f3nico.[\/vc_hoverbox][m_feature_info title=\u00bbEnsambles complejos\u00bb][\/m_feature_info][\/vc_column][\/vc_row][vc_row gap=\u00bb15&#8243; gradient_colors=\u00bb%5B%7B%7D%5D\u00bb][vc_column width=\u00bb1\/4&#8243; gradient_colors=\u00bb%5B%7B%7D%5D\u00bb css=\u00bb.vc_custom_1636426962117{margin-right: 15px !important;}\u00bb][vc_hoverbox image=\u00bb11342&#8243; primary_title=\u00bb\u00bb hover_title=\u00bb\u00bb]<\/p>\n<div class=\"flex flex-grow flex-col gap-3\">\n<div class=\"min-h-[20px] flex flex-col items-start gap-4 whitespace-pre-wrap break-words\">\n<div class=\"markdown prose w-full break-words dark:prose-invert light\">\n<p>Financiado por COTI a trav\u00e9s de fondos FEDER.<\/p>\n<\/div>\n<\/div>\n<\/div>\n<p>[\/vc_hoverbox][m_feature_info title=\u00bbNanoparticles Project\u00bb][\/m_feature_info][\/vc_column][vc_column width=\u00bb1\/4&#8243; gradient_colors=\u00bb%5B%7B%7D%5D\u00bb css=\u00bb.vc_custom_1636426970822{margin-right: 15px !important;margin-left: 15px !important;}\u00bb][\/vc_column][vc_column width=\u00bb1\/4&#8243; gradient_colors=\u00bb%5B%7B%7D%5D\u00bb css=\u00bb.vc_custom_1636426978599{margin-right: 15px !important;margin-left: 15px !important;}\u00bb][\/vc_column][vc_column width=\u00bb1\/4&#8243; gradient_colors=\u00bb%5B%7B%7D%5D\u00bb css=\u00bb.vc_custom_1636426985787{margin-left: 15px !important;}\u00bb][\/vc_column][\/vc_row]<\/p>\n","protected":false},"excerpt":{"rendered":"<p>[vc_row full_width=\u00bbstretch_row_content_no_spaces\u00bb gradient_colors=\u00bb%5B%7B%7D%5D\u00bb css=\u00bb.vc_custom_1666632860899{background-image: url(https:\/\/novatecgroup.com\/wp-content\/uploads\/2021\/10\/robotico-brazo.jpg?id=11134) !important;}\u00bb][vc_column gradient_colors=\u00bb%5B%7B%7D%5D\u00bb css=\u00bb.vc_custom_1633103850143{margin-top: 150px !important;margin-bottom: 150px !important;}\u00bb][vc_custom_heading text=\u00bbTecnolog\u00eda\u00bb font_container=\u00bbtag:h2|font_size:48|text_align:center|color:%23ffffff\u00bb google_fonts=\u00bbfont_family:Raleway%3A100%2C200%2C300%2Cregular%2C500%2C600%2C700%2C800%2C900|font_style:700%20bold%20regular%3A700%3Anormal\u00bb][\/vc_column][\/vc_row][vc_row gap=\u00bb10&#8243; gradient_colors=\u00bb%5B%7B%7D%5D\u00bb css=\u00bb.vc_custom_1636425699699{margin-top: 100px !important;}\u00bb][vc_column width=\u00bb1\/4&#8243; gradient_colors=\u00bb%5B%7B%7D%5D\u00bb css=\u00bb.vc_custom_1636425970821{margin-right: 15px !important;}\u00bb][vc_hoverbox image=\u00bb11198&#8243; primary_title=\u00bb\u00bb hover_title=\u00bb\u00bb]Inyecci\u00f3n de pl\u00e1sticos de 2 materiales distintos.[\/vc_hoverbox][m_feature_info title=\u00bb2K injection\u00bb][\/m_feature_info][\/vc_column][vc_column width=\u00bb1\/4&#8243; gradient_colors=\u00bb%5B%7B%7D%5D\u00bb css=\u00bb.vc_custom_1636425291508{margin-right: 15px !important;margin-left: 15px !important;}\u00bb][vc_hoverbox image=\u00bb11201&#8243; primary_title=\u00bb\u00bb hover_title=\u00bb\u00bb]Fundici\u00f3n de corte de piezas con tecnolog\u00eda l\u00e1ser[\/vc_hoverbox][m_feature_info title=\u00bbCorte L\u00e1ser\u00bb][\/m_feature_info][\/vc_column][vc_column [&hellip;]<\/p>\n","protected":false},"author":1,"featured_media":0,"parent":0,"menu_order":0,"comment_status":"closed","ping_status":"closed","template":"page-home.php","meta":{"_monsterinsights_skip_tracking":false,"_monsterinsights_sitenote_active":false,"_monsterinsights_sitenote_note":"","_monsterinsights_sitenote_category":0,"footnotes":""},"class_list":["post-147","page","type-page","status-publish","hentry"],"_links":{"self":[{"href":"https:\/\/novatecgroup.com\/es\/wp-json\/wp\/v2\/pages\/147","targetHints":{"allow":["GET"]}}],"collection":[{"href":"https:\/\/novatecgroup.com\/es\/wp-json\/wp\/v2\/pages"}],"about":[{"href":"https:\/\/novatecgroup.com\/es\/wp-json\/wp\/v2\/types\/page"}],"author":[{"embeddable":true,"href":"https:\/\/novatecgroup.com\/es\/wp-json\/wp\/v2\/users\/1"}],"replies":[{"embeddable":true,"href":"https:\/\/novatecgroup.com\/es\/wp-json\/wp\/v2\/comments?post=147"}],"version-history":[{"count":52,"href":"https:\/\/novatecgroup.com\/es\/wp-json\/wp\/v2\/pages\/147\/revisions"}],"predecessor-version":[{"id":11344,"href":"https:\/\/novatecgroup.com\/es\/wp-json\/wp\/v2\/pages\/147\/revisions\/11344"}],"wp:attachment":[{"href":"https:\/\/novatecgroup.com\/es\/wp-json\/wp\/v2\/media?parent=147"}],"curies":[{"name":"wp","href":"https:\/\/api.w.org\/{rel}","templated":true}]}}