{"id":10909,"date":"2021-09-23T14:11:32","date_gmt":"2021-09-23T14:11:32","guid":{"rendered":"http:\/\/mentoriastudio.com\/Desarrollo\/Novatec\/?page_id=10909"},"modified":"2022-10-04T22:40:04","modified_gmt":"2022-10-04T22:40:04","slug":"products","status":"publish","type":"page","link":"https:\/\/novatecgroup.com\/es\/products\/","title":{"rendered":"Products"},"content":{"rendered":"<p>[vc_row full_width=\u00bbstretch_row_content_no_spaces\u00bb bgimage=\u00bb11106&#8243; gradient_colors=\u00bb%5B%7B%7D%5D\u00bb css=\u00bb.vc_custom_1664913884896{background-image: url(https:\/\/novatecgroup.com\/wp-content\/uploads\/2021\/10\/7headlights-front-of-sport-car-CJNB84Q.jpg?id=11063) !important;background-position: center !important;background-repeat: no-repeat !important;background-size: cover !important;}\u00bb][vc_column gradient_colors=\u00bb%5B%7B%7D%5D\u00bb css=\u00bb.vc_custom_1664913444675{margin-top: 150px !important;margin-bottom: 150px !important;}\u00bb][vc_custom_heading text=\u00bbProductos\u00bb font_container=\u00bbtag:h1|text_align:center|color:%23ffffff\u00bb google_fonts=\u00bbfont_family:Raleway%3A100%2C200%2C300%2Cregular%2C500%2C600%2C700%2C800%2C900|font_style:700%20bold%20regular%3A700%3Anormal\u00bb css=\u00bb.vc_custom_1664913380849{padding-top: 150px !important;padding-bottom: 150px !important;}\u00bb][\/vc_column][\/vc_row][vc_row equal_height=\u00bbyes\u00bb content_placement=\u00bbmiddle\u00bb gradient_colors=\u00bb%5B%7B%7D%5D\u00bb css=\u00bb.vc_custom_1633059277764{margin-top: 2.5% !important;margin-bottom: 5% !important;}\u00bb el_id=\u00bblighting\u00bb][vc_column][vc_custom_heading text=\u00bb\u00d3ptica para iluminaci\u00f3n\u00bb font_container=\u00bbtag:h2|font_size:48|text_align:left|color:%239d2234&#8243; google_fonts=\u00bbfont_family:Raleway%3A100%2C200%2C300%2Cregular%2C500%2C600%2C700%2C800%2C900|font_style:700%20bold%20regular%3A700%3Anormal\u00bb][vc_column_text css=\u00bb.vc_custom_1633059459025{padding-top: 40px !important;padding-bottom: 40px !important;}\u00bb]Piezas de inyecci\u00f3n para iluminaci\u00f3n<\/p>\n<p><strong>Aplicaciones<\/strong>:\u00a0Faro, luz trasera, chmsl, interiores de autom\u00f3viles[\/vc_column_text][vc_row_inner gradient_colors=\u00bb%5B%7B%7D%5D\u00bb css=\u00bb.vc_custom_1633058301568{padding-top: 5% !important;padding-bottom: 5% !important;}\u00bb][vc_column_inner width=\u00bb1\/3&#8243;][vc_images_carousel images=\u00bb10945,10944,10950&#8243; img_size=\u00bb350&#215;350&#8243; autoplay=\u00bbyes\u00bb hide_prev_next_buttons=\u00bbyes\u00bb][m_feature_info title=\u00bbLight Guide\u00bb]Pieza de inyecci\u00f3n de iluminaci\u00f3n en 1k con insertos opticos por los cuales la luz de 1 o 2 led atraviesa de manera axial generando una iluminaci\u00f3n a lo largo de toda la pieza.<\/p>\n<p><strong>Pieza con caracteristicas regulatorias.<\/strong>[\/m_feature_info][\/vc_column_inner][vc_column_inner width=\u00bb1\/3&#8243;][vc_images_carousel images=\u00bb10977,10949&#8243; img_size=\u00bb350&#215;350&#8243; autoplay=\u00bbyes\u00bb hide_prev_next_buttons=\u00bbyes\u00bb][m_feature_info title=\u00bbThickwall \/ Massive Guide Light\u00bb]Pieza de inyecci\u00f3n de iluminaci\u00f3n en 1k o 2k con un alto espesor con materiales translucidos con utilizacion de pcbs para le emision de luz.[\/m_feature_info][\/vc_column_inner][vc_column_inner width=\u00bb1\/3&#8243;][vc_images_carousel images=\u00bb10938,11026,11027,11028&#8243; img_size=\u00bb350&#215;350&#8243; autoplay=\u00bbyes\u00bb hide_prev_next_buttons=\u00bbyes\u00bb][m_feature_info title=\u00bb2K Lens (SEO Bicolor)\u00bb]Pieza de inyecci\u00f3n en 2k con 2 colores con la funcion de evitar procesos subsecuentes de uni\u00f3n.[\/m_feature_info][\/vc_column_inner][\/vc_row_inner][vc_row_inner gradient_colors=\u00bb%5B%7B%7D%5D\u00bb css=\u00bb.vc_custom_1633058314440{padding-bottom: 5% !important;}\u00bb][vc_column_inner width=\u00bb1\/3&#8243;][vc_images_carousel images=\u00bb11037,11038&#8243; img_size=\u00bb350&#215;350&#8243; autoplay=\u00bbyes\u00bb hide_prev_next_buttons=\u00bbyes\u00bb][m_feature_info title=\u00bbLight Conductor\u00bb]Pieza de inyecci\u00f3n de iluminaci\u00f3n en 1k con materiales translucidos con utilizacion de pcbs para le emision de luz.[\/m_feature_info][\/vc_column_inner][vc_column_inner width=\u00bb1\/3&#8243;][vc_images_carousel images=\u00bb10947,10948&#8243; img_size=\u00bb350&#215;350&#8243; autoplay=\u00bbyes\u00bb hide_prev_next_buttons=\u00bbyes\u00bb][m_feature_info title=\u00bbInner Lens\u00bb]Pieza de inyecci\u00f3n que ayuda a reflejar la luz de una manera m\u00e1s estilizada y enfocada ya sea en los faros delanteros o en las luces traseras.[\/m_feature_info][\/vc_column_inner][vc_column_inner width=\u00bb1\/3&#8243;][vc_single_image image=\u00bb11039&#8243; img_size=\u00bb350&#215;350&#8243; onclick=\u00bblink_image\u00bb][m_feature_info title=\u00bbPrimary Optic\u00bb]Pieza de inyecci\u00f3n optica la cual es una lente dise\u00f1ada para colimar la luz en el cual el patron de luz es espec\u00edfico para la iluminaci\u00f3n de la luces altas y bajas del automovil.[\/m_feature_info][\/vc_column_inner][\/vc_row_inner][vc_separator style=\u00bbshadow\u00bb border_width=\u00bb3&#8243;][\/vc_column][\/vc_row][vc_row equal_height=\u00bbyes\u00bb content_placement=\u00bbmiddle\u00bb gradient_colors=\u00bb%5B%7B%7D%5D\u00bb css=\u00bb.vc_custom_1633059294902{margin-bottom: 5% !important;}\u00bb el_id=\u00bbreflex\u00bb][vc_column][vc_row_inner gradient_colors=\u00bb%5B%7B%7D%5D\u00bb css=\u00bb.vc_custom_1633058323280{padding-bottom: 5% !important;}\u00bb][vc_column_inner width=\u00bb1\/3&#8243;][vc_custom_heading text=\u00bbOptical Lens\u00bb font_container=\u00bbtag:h2|font_size:48|text_align:left|color:%239d2234&#8243; google_fonts=\u00bbfont_family:Raleway%3A100%2C200%2C300%2Cregular%2C500%2C600%2C700%2C800%2C900|font_style:700%20bold%20regular%3A700%3Anormal\u00bb][vc_column_text css=\u00bb.vc_custom_1633059698541{padding-top: 40px !important;padding-bottom: 40px !important;}\u00bb]<strong>Aplicaci\u00f3n<\/strong>: Faros principales[\/vc_column_text][vc_single_image image=\u00bb11043&#8243; img_size=\u00bb350&#215;350&#8243; onclick=\u00bblink_image\u00bb][m_feature_info title=\u00bbOptical Lens\u00bb]Pieza de inyecci\u00f3n de iluminaci\u00f3n en 2k o 3k con un alto espesor con materiales translucidos con requerimientos geom\u00e9tricos, \u00f3pticos, cosm\u00e9ticos y funcionales.[\/m_feature_info][\/vc_column_inner][vc_column_inner width=\u00bb1\/3&#8243;][vc_custom_heading text=\u00bbReflex\u00bb font_container=\u00bbtag:h2|font_size:48|text_align:left|color:%239d2234&#8243; google_fonts=\u00bbfont_family:Raleway%3A100%2C200%2C300%2Cregular%2C500%2C600%2C700%2C800%2C900|font_style:700%20bold%20regular%3A700%3Anormal\u00bb][vc_column_text css=\u00bb.vc_custom_1658342806199{padding-top: 40px !important;padding-bottom: 40px !important;}\u00bb]<strong>Aplicaci\u00f3n:<\/strong> Aplicaci\u00f3n en faros delanteros, luces traseras, laterales y salpicadero de autom\u00f3viles.[\/vc_column_text][vc_images_carousel images=\u00bb11030,11031,11032&#8243; img_size=\u00bb350&#215;350&#8243; autoplay=\u00bbyes\u00bb hide_prev_next_buttons=\u00bbyes\u00bb][m_feature_info title=\u00bbReflex\u00bb]Pieza de inyecci\u00f3n con insertos \u00f3pticos con la funci\u00f3n de reflexi\u00f3n de luz, pueden ser \u00e1mbar, rojo o transparente.[\/m_feature_info][\/vc_column_inner][vc_column_inner width=\u00bb1\/3&#8243;][vc_custom_heading text=\u00bbAspect Part\u00bb font_container=\u00bbtag:h2|font_size:48|text_align:left|color:%239d2234&#8243; google_fonts=\u00bbfont_family:Raleway%3A100%2C200%2C300%2Cregular%2C500%2C600%2C700%2C800%2C900|font_style:700%20bold%20regular%3A700%3Anormal\u00bb][vc_column_text css=\u00bb.vc_custom_1658342823348{padding-top: 40px !important;padding-bottom: 40px !important;}\u00bb]<strong>Aplicaci\u00f3n:<\/strong> faros delanteros de autom\u00f3viles, aplicaciones interiores y exteriores de luces traseras[\/vc_column_text][vc_images_carousel images=\u00bb11042,11041&#8243; img_size=\u00bb350&#215;350&#8243; autoplay=\u00bbyes\u00bb hide_prev_next_buttons=\u00bbyes\u00bb][m_feature_info title=\u00bbAspect Part\u00bb]Parte de inyecci\u00f3n de aspecto con requerimientos funcionales y cosm\u00e9ticos especificos.[\/m_feature_info][\/vc_column_inner][\/vc_row_inner][vc_separator style=\u00bbshadow\u00bb border_width=\u00bb3&#8243;][\/vc_column][\/vc_row][vc_row equal_height=\u00bbyes\u00bb content_placement=\u00bbmiddle\u00bb gradient_colors=\u00bb%5B%7B%7D%5D\u00bb css=\u00bb.vc_custom_1633059304730{border-bottom-width: 5% !important;}\u00bb el_id=\u00bbstructural\u00bb][vc_column][vc_custom_heading text=\u00bbStructural Parts\u00bb font_container=\u00bbtag:h2|font_size:48|text_align:left|color:%239d2234&#8243; google_fonts=\u00bbfont_family:Raleway%3A100%2C200%2C300%2Cregular%2C500%2C600%2C700%2C800%2C900|font_style:700%20bold%20regular%3A700%3Anormal\u00bb][vc_column_text css=\u00bb.vc_custom_1633059796617{padding-top: 40px !important;padding-bottom: 40px !important;}\u00bb]Las piezas estructurales son productos dise\u00f1ados y construidos con requisitos funcionales o cosm\u00e9ticos espec\u00edficos.[\/vc_column_text][vc_row_inner gradient_colors=\u00bb%5B%7B%7D%5D\u00bb css=\u00bb.vc_custom_1633058340088{padding-bottom: 5% !important;}\u00bb][vc_column_inner width=\u00bb1\/3&#8243;][vc_images_carousel images=\u00bb11000,11001,10981&#8243; img_size=\u00bb350&#215;350&#8243; autoplay=\u00bbyes\u00bb hide_prev_next_buttons=\u00bbyes\u00bb][m_feature_info title=\u00bbTank Flap Module\u00bb]Ensamble del conjunto de m\u00f3dulo de boca carga para gasolina o toma de corriente el\u00e9ctrica + tapa[\/m_feature_info][\/vc_column_inner][vc_column_inner width=\u00bb1\/3&#8243;][vc_single_image image=\u00bb10980&#8243; img_size=\u00bb350&#215;350&#8243; alignment=\u00bbcenter\u00bb onclick=\u00bblink_image\u00bb][m_feature_info title=\u00bbHousing\u00bb]Pieza estructural en 1K o 2K en la cual se ensamblan los componentes electr\u00f3nicos y pl\u00e1sticos.[\/m_feature_info][\/vc_column_inner][vc_column_inner width=\u00bb1\/3&#8243;][vc_single_image image=\u00bb11023&#8243; img_size=\u00bb350&#215;350&#8243; alignment=\u00bbcenter\u00bb onclick=\u00bblink_image\u00bb][m_feature_info title=\u00bbStructural part\u00bb]Parte de inyecci\u00f3n estructural o de aspecto con requerimientos funcionales o cosmeticos especificos.[\/m_feature_info][\/vc_column_inner][\/vc_row_inner][vc_separator style=\u00bbshadow\u00bb border_width=\u00bb3&#8243;][\/vc_column][\/vc_row]<\/p>\n","protected":false},"excerpt":{"rendered":"<p>[vc_row full_width=\u00bbstretch_row_content_no_spaces\u00bb bgimage=\u00bb11106&#8243; gradient_colors=\u00bb%5B%7B%7D%5D\u00bb css=\u00bb.vc_custom_1664913884896{background-image: url(https:\/\/novatecgroup.com\/wp-content\/uploads\/2021\/10\/7headlights-front-of-sport-car-CJNB84Q.jpg?id=11063) !important;background-position: center !important;background-repeat: no-repeat !important;background-size: cover !important;}\u00bb][vc_column gradient_colors=\u00bb%5B%7B%7D%5D\u00bb css=\u00bb.vc_custom_1664913444675{margin-top: 150px !important;margin-bottom: 150px !important;}\u00bb][vc_custom_heading text=\u00bbProductos\u00bb font_container=\u00bbtag:h1|text_align:center|color:%23ffffff\u00bb google_fonts=\u00bbfont_family:Raleway%3A100%2C200%2C300%2Cregular%2C500%2C600%2C700%2C800%2C900|font_style:700%20bold%20regular%3A700%3Anormal\u00bb css=\u00bb.vc_custom_1664913380849{padding-top: 150px !important;padding-bottom: 150px !important;}\u00bb][\/vc_column][\/vc_row][vc_row equal_height=\u00bbyes\u00bb content_placement=\u00bbmiddle\u00bb gradient_colors=\u00bb%5B%7B%7D%5D\u00bb css=\u00bb.vc_custom_1633059277764{margin-top: 2.5% !important;margin-bottom: 5% !important;}\u00bb el_id=\u00bblighting\u00bb][vc_column][vc_custom_heading text=\u00bb\u00d3ptica para iluminaci\u00f3n\u00bb font_container=\u00bbtag:h2|font_size:48|text_align:left|color:%239d2234&#8243; google_fonts=\u00bbfont_family:Raleway%3A100%2C200%2C300%2Cregular%2C500%2C600%2C700%2C800%2C900|font_style:700%20bold%20regular%3A700%3Anormal\u00bb][vc_column_text css=\u00bb.vc_custom_1633059459025{padding-top: 40px !important;padding-bottom: 40px !important;}\u00bb]Piezas de inyecci\u00f3n para iluminaci\u00f3n Aplicaciones:\u00a0Faro, luz trasera, chmsl, interiores [&hellip;]<\/p>\n","protected":false},"author":1,"featured_media":0,"parent":0,"menu_order":0,"comment_status":"closed","ping_status":"closed","template":"page-home.php","meta":{"_monsterinsights_skip_tracking":false,"_monsterinsights_sitenote_active":false,"_monsterinsights_sitenote_note":"","_monsterinsights_sitenote_category":0,"footnotes":""},"class_list":["post-10909","page","type-page","status-publish","hentry"],"_links":{"self":[{"href":"https:\/\/novatecgroup.com\/es\/wp-json\/wp\/v2\/pages\/10909","targetHints":{"allow":["GET"]}}],"collection":[{"href":"https:\/\/novatecgroup.com\/es\/wp-json\/wp\/v2\/pages"}],"about":[{"href":"https:\/\/novatecgroup.com\/es\/wp-json\/wp\/v2\/types\/page"}],"author":[{"embeddable":true,"href":"https:\/\/novatecgroup.com\/es\/wp-json\/wp\/v2\/users\/1"}],"replies":[{"embeddable":true,"href":"https:\/\/novatecgroup.com\/es\/wp-json\/wp\/v2\/comments?post=10909"}],"version-history":[{"count":101,"href":"https:\/\/novatecgroup.com\/es\/wp-json\/wp\/v2\/pages\/10909\/revisions"}],"predecessor-version":[{"id":11290,"href":"https:\/\/novatecgroup.com\/es\/wp-json\/wp\/v2\/pages\/10909\/revisions\/11290"}],"wp:attachment":[{"href":"https:\/\/novatecgroup.com\/es\/wp-json\/wp\/v2\/media?parent=10909"}],"curies":[{"name":"wp","href":"https:\/\/api.w.org\/{rel}","templated":true}]}}