{"id":9964,"date":"2017-03-05T21:40:08","date_gmt":"2017-03-05T21:40:08","guid":{"rendered":"http:\/\/moresa.templines.org\/?page_id=9964"},"modified":"2023-07-14T00:01:31","modified_gmt":"2023-07-14T00:01:31","slug":"about-us","status":"publish","type":"page","link":"https:\/\/novatecgroup.com\/de\/about-us\/","title":{"rendered":"\u00dcber uns"},"content":{"rendered":"<p>[vc_row full_width=&#8220;stretch_row_content_no_spaces&#8220; content_placement=&#8220;top&#8220; gradient_colors=&#8220;%5B%7B%7D%5D&#8220; css=&#8220;.vc_custom_1664913999443{background-image: url(https:\/\/novatecgroup.com\/wp-content\/uploads\/2021\/10\/3front-part-of-brand-new-modern-car-parked-at-showr-6AA7AAR.jpg?id=11106) !important;background-position: center !important;background-repeat: no-repeat !important;background-size: cover !important;}&#8220;][vc_column gradient_colors=&#8220;%5B%7B%7D%5D&#8220; css=&#8220;.vc_custom_1633064092038{margin-top: 150px !important;margin-bottom: 150px !important;}&#8220;][vc_custom_heading text=&#8220;\u00dcber uns&#8220; font_container=&#8220;tag:h1|font_size:48|text_align:center|color:%23ffffff|line_height:1.9&#8243; google_fonts=&#8220;font_family:Raleway%3A100%2C200%2C300%2Cregular%2C500%2C600%2C700%2C800%2C900|font_style:700%20bold%20regular%3A700%3Anormal&#8220; css=&#8220;.vc_custom_1633063259907{padding-top: 30px !important;padding-right: 50px !important;padding-bottom: 0px !important;}&#8220;][\/vc_column][\/vc_row][vc_row content_placement=&#8220;top&#8220; gradient_colors=&#8220;%5B%7B%7D%5D&#8220; css=&#8220;.vc_custom_1633063218894{margin-top: 5% !important;}&#8220;][vc_column width=&#8220;1\/2&#8243; gradient_colors=&#8220;%5B%7B%7D%5D&#8220;][m_info_box type=&#8220;1&#8243; link=&#8220;url:http%3A%2F%2Fmoresa.templines.org%2F|title:Get%20in%20touch||&#8220; link_text=&#8220;get in touch&#8220; title=&#8220;Wir sind Novatec&#8220;]Novatecgroup ist ein unternehmen f\u00fcr kunststoffeinspritzung, das auf design, entwicklung und herstellung Von kunststoffteilen f\u00fcr die aussen- und innenbeleuchtung spezialisiert ist\u00a0es ist auf kostenreduzierung durch hochspezialisierte produktionsprozesse konzentriert\u00a0sowie unterbaugruppen und wertsch\u00f6pfungsprozesse.[\/m_info_box][\/vc_column][vc_column width=&#8220;1\/2&#8243; gradient_colors=&#8220;%5B%7B%7D%5D&#8220; css=&#8220;.vc_custom_1633064335755{padding-left: 50px !important;}&#8220;][vc_custom_heading text=&#8220;Das Unternehmen&#8220; font_container=&#8220;tag:h2|font_size:36|text_align:left|color:%23222222|line_height:1.1&#8243; google_fonts=&#8220;font_family:Raleway%3A100%2C200%2C300%2Cregular%2C500%2C600%2C700%2C800%2C900|font_style:400%20regular%3A400%3Anormal&#8220; el_class=&#8220;top-decore&#8220; css=&#8220;.vc_custom_1632405782627{padding-top: 0px !important;padding-bottom: 0px !important;}&#8220;][vc_custom_heading text=&#8220;Mission&#8220; font_container=&#8220;tag:h2|font_size:48|text_align:left|color:%23aa2323|line_height:1.1&#8243; google_fonts=&#8220;font_family:Raleway%3A100%2C200%2C300%2Cregular%2C500%2C600%2C700%2C800%2C900|font_style:700%20bold%20regular%3A700%3Anormal&#8220; css=&#8220;.vc_custom_1631130182207{padding-top: 0px !important;padding-bottom: 0px !important;}&#8220; el_class=&#8220;decor-right&#8220;][vc_custom_heading text=&#8220;Zum pers\u00f6nlichen und beruflichen wachstum unserer mitarbeiter beitragen und die grundlagen schaffen, um ein hochwertiger und verantwortlicher partner f\u00fcr unsere kunden zu sein, die hochwertige produkte erzeugen, die f\u00fcr uns alle eine herausforderung und eine motivation stellen&#8220; font_container=&#8220;tag:p|font_size:16|text_align:left|color:%23222222|line_height:1.9&#8243; google_fonts=&#8220;font_family:Merriweather%3A300%2C300italic%2Cregular%2Citalic%2C700%2C700italic%2C900%2C900italic|font_style:300%20light%20italic%3A300%3Aitalic&#8220; css=&#8220;.vc_custom_1632405867001{padding-top: 30px !important;padding-right: 50px !important;padding-bottom: 0px !important;}&#8220;][vc_custom_heading text=&#8220;Vision&#8220; font_container=&#8220;tag:h2|font_size:48|text_align:left|color:%23aa2323|line_height:1.1&#8243; google_fonts=&#8220;font_family:Raleway%3A100%2C200%2C300%2Cregular%2C500%2C600%2C700%2C800%2C900|font_style:700%20bold%20regular%3A700%3Anormal&#8220; css=&#8220;.vc_custom_1631130171333{padding-top: 0px !important;padding-bottom: 0px !important;}&#8220; el_class=&#8220;decor-right&#8220;][vc_custom_heading text=&#8220;Wir haben bei novatec eine marktvision, die auf vollst\u00e4ndiger kundenzufriedenheit durch die erf\u00fcllung Von qualit\u00e4ts-, preis- und serviceerwartungen entsteht; Als leitfaden zum effizienten einsatz Von ingenieurtechnik in entwicklung und prozessen&#8220; font_container=&#8220;tag:p|font_size:16|text_align:left|color:%23222222|line_height:1.9&#8243; google_fonts=&#8220;font_family:Merriweather%3A300%2C300italic%2Cregular%2Citalic%2C700%2C700italic%2C900%2C900italic|font_style:300%20light%20italic%3A300%3Aitalic&#8220; css=&#8220;.vc_custom_1632405914857{padding-top: 30px !important;padding-right: 50px !important;padding-bottom: 0px !important;}&#8220;][\/vc_column][\/vc_row][vc_row][vc_column][vc_custom_heading text=&#8220;Fertigungszentren&#8220; font_container=&#8220;tag:h2|font_size:48|text_align:left|color:%23aa2323|line_height:1.1&#8243; google_fonts=&#8220;font_family:Raleway%3A100%2C200%2C300%2Cregular%2C500%2C600%2C700%2C800%2C900|font_style:700%20bold%20regular%3A700%3Anormal&#8220; css=&#8220;.vc_custom_1632405933898{padding-top: 0px !important;padding-bottom: 0px !important;}&#8220; el_class=&#8220;decor-right&#8220;][vc_column_text]<\/p>\n<h4>und F\u00e4higkeiten<\/h4>\n<p>[\/vc_column_text][vc_column_text css=&#8220;.vc_custom_1631144727551{padding-bottom: 20px !important;}&#8220;]\t<div class=\"wrap_svl_center\">\r\n\t<div class=\"wrap_svl_center_box\">\r\n\t<div class=\"wrap_svl\" id=\"body_drag_10801\">\r\n\t\t<div class=\"images_wrap\">\r\n\t\t<img decoding=\"async\" src=\"http:\/\/novatecgroup.com\/wp-content\/uploads\/2022\/07\/worldmap.png\">\r\n\t\t<\/div>\t\r\n\t\t \t\t \t\t <div class=\"drag_element tips \" style=\"top:48.88%;left:16.15%;\" >\r\n\t\t \t<div class=\"point_style  ihotspot_tooltop_html\" data-placement=\"n\" data-html=\"\t\t \t\t\t                  &lt;div class=&quot;box_view_html&quot;&gt;&lt;span class=&quot;close_ihp&quot;&gt;&lt;svg version=&quot;1.1&quot; xmlns=&quot;http:\/\/www.w3.org\/2000\/svg&quot; xmlns:xlink=&quot;http:\/\/www.w3.org\/1999\/xlink&quot; x=&quot;0px&quot; y=&quot;0px&quot; viewBox=&quot;0 0 1000 1000&quot; enable-background=&quot;new 0 0 1000 1000&quot; xml:space=&quot;preserve&quot;&gt;&lt;g&gt;&lt;path d=&quot;M153.7,153.7C57.9,249.5,10,365.3,10,499c0,135.7,47.9,251.5,143.7,347.3l0,0C249.5,942.1,363.3,990,499,990c135.7,0,251.5-47.9,347.3-143.7C942.1,750.5,990,634.7,990,499c0-135.7-47.9-249.5-143.7-345.3l0,0C750.5,57.9,634.7,10,499,10C365.3,10,249.5,57.9,153.7,153.7z M209.6,211.6l2-2C289.4,129.7,387.2,89.8,499,89.8c113.8,0,209.6,39.9,291.4,121.8c79.8,77.8,119.8,175.6,119.8,287.4c0,113.8-39.9,209.6-119.8,291.4C708.6,870.3,612.8,910.2,499,910.2c-111.8,0-209.6-39.9-287.4-119.8C129.8,708.6,89.8,612.8,89.8,499C89.8,387.2,129.8,289.4,209.6,211.6z&quot;\/&gt;&lt;path d=&quot;M293.4,331.3c0,12,4,22,12,29.9L443.1,497L305.4,632.7c-8,8-12,18-12,29.9c0,10,4,18,12,26c8,8,18,12,28,12c12,0,20-4,27.9-10L499,552.9l135.7,137.7c8,6,16,10,28,10c12,0,21.9-4,27.9-10c8-8,12-18,12-28c0-12-4-21.9-12-29.9L554.9,497l135.7-135.7c8-8,12-18,12-27.9c0-12-4-22-12-29.9c-6-8-16-12-25.9-12c-12,0-21.9,4-29.9,12L499,441.1L363.3,303.4c-8-8-18-12-29.9-12c-10,0-20,4-28,12C297.4,311.4,293.4,321.4,293.4,331.3z&quot;\/&gt;&lt;\/g&gt;&lt;\/svg&gt;&lt;\/span&gt;&lt;h5 style=&quot;color: #ffffff&quot;&gt;Le\u00f3n, Mexico&lt;\/h5&gt;\n&lt;ul&gt;\n&lt;li&gt;2k Injection&lt;\/li&gt;\n&lt;li&gt;Laser Cut&lt;\/li&gt;\n&lt;li&gt;Optical \/ Lighting Parts&lt;\/li&gt;\n&lt;li&gt;Tool Shop&lt;\/li&gt;\n&lt;li&gt;Assy Process 7 6 Axis Robot&lt;\/li&gt;\n&lt;li&gt;Lighting Electronics Assembly&lt;\/li&gt;\n&lt;li&gt;Process control with artificial vision&lt;\/li&gt;\n&lt;\/ul&gt;\n&lt;\/div&gt;\r\n\t\t\t \t\t \t\t \">\r\n\t\t \t\t\t\t\t \t\t\t\t\t \t\t\t<div class=\"pins_animation ihotspot_pulse\" style=\"top:-20px;left:-20px;height:40px;width:40px\"><\/div>\r\n\t\t\t \t\t\t\t\t \t\t<img decoding=\"async\" src=\"https:\/\/novatecgroup.com\/wp-content\/uploads\/2021\/09\/1-e1631129481964.png\" class=\"pins_image ihotspot_hastooltop\" style=\"top:-20px;left:-20px\">\r\n\t\t\t \t\t\t\t \t\t\t\t \t<\/div>\r\n\t\t <\/div>\r\n\t\t \t\t <div class=\"drag_element tips \" style=\"top:35.07%;left:51.54%;\" >\r\n\t\t \t<div class=\"point_style  ihotspot_tooltop_html\" data-placement=\"n\" data-html=\"\t\t \t\t\t                  &lt;div class=&quot;box_view_html&quot;&gt;&lt;span class=&quot;close_ihp&quot;&gt;&lt;svg version=&quot;1.1&quot; xmlns=&quot;http:\/\/www.w3.org\/2000\/svg&quot; xmlns:xlink=&quot;http:\/\/www.w3.org\/1999\/xlink&quot; x=&quot;0px&quot; y=&quot;0px&quot; viewBox=&quot;0 0 1000 1000&quot; enable-background=&quot;new 0 0 1000 1000&quot; xml:space=&quot;preserve&quot;&gt;&lt;g&gt;&lt;path d=&quot;M153.7,153.7C57.9,249.5,10,365.3,10,499c0,135.7,47.9,251.5,143.7,347.3l0,0C249.5,942.1,363.3,990,499,990c135.7,0,251.5-47.9,347.3-143.7C942.1,750.5,990,634.7,990,499c0-135.7-47.9-249.5-143.7-345.3l0,0C750.5,57.9,634.7,10,499,10C365.3,10,249.5,57.9,153.7,153.7z M209.6,211.6l2-2C289.4,129.7,387.2,89.8,499,89.8c113.8,0,209.6,39.9,291.4,121.8c79.8,77.8,119.8,175.6,119.8,287.4c0,113.8-39.9,209.6-119.8,291.4C708.6,870.3,612.8,910.2,499,910.2c-111.8,0-209.6-39.9-287.4-119.8C129.8,708.6,89.8,612.8,89.8,499C89.8,387.2,129.8,289.4,209.6,211.6z&quot;\/&gt;&lt;path d=&quot;M293.4,331.3c0,12,4,22,12,29.9L443.1,497L305.4,632.7c-8,8-12,18-12,29.9c0,10,4,18,12,26c8,8,18,12,28,12c12,0,20-4,27.9-10L499,552.9l135.7,137.7c8,6,16,10,28,10c12,0,21.9-4,27.9-10c8-8,12-18,12-28c0-12-4-21.9-12-29.9L554.9,497l135.7-135.7c8-8,12-18,12-27.9c0-12-4-22-12-29.9c-6-8-16-12-25.9-12c-12,0-21.9,4-29.9,12L499,441.1L363.3,303.4c-8-8-18-12-29.9-12c-10,0-20,4-28,12C297.4,311.4,293.4,321.4,293.4,331.3z&quot;\/&gt;&lt;\/g&gt;&lt;\/svg&gt;&lt;\/span&gt;&lt;h5 style=&quot;color: #ffffff&quot;&gt;Chomutov, Czech Republic&lt;\/h5&gt;\n&lt;ul&gt;\n&lt;li&gt;2k Injection&lt;\/li&gt;\n&lt;li&gt;Laser Cut&lt;\/li&gt;\n&lt;li&gt;Optical \/ Lighting Parts&lt;\/li&gt;\n&lt;li&gt;Tool Shop&lt;\/li&gt;\n&lt;li&gt;Assy Process 7 6 Axis Robot&lt;\/li&gt;\n&lt;li&gt;Lighting Electronics Assembly&lt;\/li&gt;\n&lt;li&gt;Process control with artificial vision&lt;\/li&gt;\n&lt;\/ul&gt;\n&lt;\/div&gt;\r\n\t\t\t \t\t \t\t \">\r\n\t\t \t\t\t\t\t \t\t\t\t\t \t\t\t<div class=\"pins_animation ihotspot_pulse\" style=\"top:-20px;left:-20px;height:40px;width:40px\"><\/div>\r\n\t\t\t \t\t\t\t\t \t\t<img decoding=\"async\" src=\"https:\/\/novatecgroup.com\/wp-content\/uploads\/2021\/09\/1-e1631129481964.png\" class=\"pins_image ihotspot_hastooltop\" style=\"top:-20px;left:-20px\">\r\n\t\t\t \t\t\t\t \t\t\t\t \t<\/div>\r\n\t\t <\/div>\r\n\t\t \t\t <div class=\"drag_element tips \" style=\"top:49.44%;left:45.49%;\" >\r\n\t\t \t<div class=\"point_style  ihotspot_tooltop_html\" data-placement=\"n\" data-html=\"\t\t \t\t\t                  &lt;div class=&quot;box_view_html&quot;&gt;&lt;span class=&quot;close_ihp&quot;&gt;&lt;svg version=&quot;1.1&quot; xmlns=&quot;http:\/\/www.w3.org\/2000\/svg&quot; xmlns:xlink=&quot;http:\/\/www.w3.org\/1999\/xlink&quot; x=&quot;0px&quot; y=&quot;0px&quot; viewBox=&quot;0 0 1000 1000&quot; enable-background=&quot;new 0 0 1000 1000&quot; xml:space=&quot;preserve&quot;&gt;&lt;g&gt;&lt;path d=&quot;M153.7,153.7C57.9,249.5,10,365.3,10,499c0,135.7,47.9,251.5,143.7,347.3l0,0C249.5,942.1,363.3,990,499,990c135.7,0,251.5-47.9,347.3-143.7C942.1,750.5,990,634.7,990,499c0-135.7-47.9-249.5-143.7-345.3l0,0C750.5,57.9,634.7,10,499,10C365.3,10,249.5,57.9,153.7,153.7z M209.6,211.6l2-2C289.4,129.7,387.2,89.8,499,89.8c113.8,0,209.6,39.9,291.4,121.8c79.8,77.8,119.8,175.6,119.8,287.4c0,113.8-39.9,209.6-119.8,291.4C708.6,870.3,612.8,910.2,499,910.2c-111.8,0-209.6-39.9-287.4-119.8C129.8,708.6,89.8,612.8,89.8,499C89.8,387.2,129.8,289.4,209.6,211.6z&quot;\/&gt;&lt;path d=&quot;M293.4,331.3c0,12,4,22,12,29.9L443.1,497L305.4,632.7c-8,8-12,18-12,29.9c0,10,4,18,12,26c8,8,18,12,28,12c12,0,20-4,27.9-10L499,552.9l135.7,137.7c8,6,16,10,28,10c12,0,21.9-4,27.9-10c8-8,12-18,12-28c0-12-4-21.9-12-29.9L554.9,497l135.7-135.7c8-8,12-18,12-27.9c0-12-4-22-12-29.9c-6-8-16-12-25.9-12c-12,0-21.9,4-29.9,12L499,441.1L363.3,303.4c-8-8-18-12-29.9-12c-10,0-20,4-28,12C297.4,311.4,293.4,321.4,293.4,331.3z&quot;\/&gt;&lt;\/g&gt;&lt;\/svg&gt;&lt;\/span&gt;&lt;h5 style=&quot;color: #ffffff&quot;&gt;Tanger, Morocco&lt;\/h5&gt;\n&lt;ul&gt;\n&lt;li&gt;2k Injection&lt;\/li&gt;\n&lt;li&gt;Laser Cut&lt;\/li&gt;\n&lt;li&gt;Optical \/ Lighting Parts&lt;\/li&gt;\n&lt;li&gt;Metalization&lt;\/li&gt;\n&lt;li&gt;Tool Shop&lt;\/li&gt;\n&lt;li&gt;Assy Process 7 6 Axis Robot&lt;\/li&gt;\n&lt;li&gt;Lighting Electronics Assembly&lt;\/li&gt;\n&lt;li&gt;Process control with artificial vision&lt;\/li&gt;\n&lt;\/ul&gt;\n&lt;\/div&gt;\r\n\t\t\t \t\t \t\t \">\r\n\t\t \t\t\t\t\t \t\t\t\t\t \t\t\t<div class=\"pins_animation ihotspot_pulse\" style=\"top:-20px;left:-20px;height:40px;width:40px\"><\/div>\r\n\t\t\t \t\t\t\t\t \t\t<img decoding=\"async\" src=\"https:\/\/novatecgroup.com\/wp-content\/uploads\/2021\/09\/1-e1631129481964.png\" class=\"pins_image ihotspot_hastooltop\" style=\"top:-20px;left:-20px\">\r\n\t\t\t \t\t\t\t \t\t\t\t \t<\/div>\r\n\t\t <\/div>\r\n\t\t \t\t <div class=\"drag_element tips \" style=\"top:40.67%;left:44.84%;\" >\r\n\t\t \t<div class=\"point_style  ihotspot_tooltop_html\" data-placement=\"n\" data-html=\"\t\t \t\t\t                  &lt;div class=&quot;box_view_html&quot;&gt;&lt;span class=&quot;close_ihp&quot;&gt;&lt;svg version=&quot;1.1&quot; xmlns=&quot;http:\/\/www.w3.org\/2000\/svg&quot; xmlns:xlink=&quot;http:\/\/www.w3.org\/1999\/xlink&quot; x=&quot;0px&quot; y=&quot;0px&quot; viewBox=&quot;0 0 1000 1000&quot; enable-background=&quot;new 0 0 1000 1000&quot; xml:space=&quot;preserve&quot;&gt;&lt;g&gt;&lt;path d=&quot;M153.7,153.7C57.9,249.5,10,365.3,10,499c0,135.7,47.9,251.5,143.7,347.3l0,0C249.5,942.1,363.3,990,499,990c135.7,0,251.5-47.9,347.3-143.7C942.1,750.5,990,634.7,990,499c0-135.7-47.9-249.5-143.7-345.3l0,0C750.5,57.9,634.7,10,499,10C365.3,10,249.5,57.9,153.7,153.7z M209.6,211.6l2-2C289.4,129.7,387.2,89.8,499,89.8c113.8,0,209.6,39.9,291.4,121.8c79.8,77.8,119.8,175.6,119.8,287.4c0,113.8-39.9,209.6-119.8,291.4C708.6,870.3,612.8,910.2,499,910.2c-111.8,0-209.6-39.9-287.4-119.8C129.8,708.6,89.8,612.8,89.8,499C89.8,387.2,129.8,289.4,209.6,211.6z&quot;\/&gt;&lt;path d=&quot;M293.4,331.3c0,12,4,22,12,29.9L443.1,497L305.4,632.7c-8,8-12,18-12,29.9c0,10,4,18,12,26c8,8,18,12,28,12c12,0,20-4,27.9-10L499,552.9l135.7,137.7c8,6,16,10,28,10c12,0,21.9-4,27.9-10c8-8,12-18,12-28c0-12-4-21.9-12-29.9L554.9,497l135.7-135.7c8-8,12-18,12-27.9c0-12-4-22-12-29.9c-6-8-16-12-25.9-12c-12,0-21.9,4-29.9,12L499,441.1L363.3,303.4c-8-8-18-12-29.9-12c-10,0-20,4-28,12C297.4,311.4,293.4,321.4,293.4,331.3z&quot;\/&gt;&lt;\/g&gt;&lt;\/svg&gt;&lt;\/span&gt;&lt;h5 style=&quot;color: #ffffff&quot;&gt;Valencia, Spain&lt;\/h5&gt;\n&lt;ul&gt;\n&lt;li&gt;2k Injection&lt;\/li&gt;\n&lt;li&gt;3k Injection&lt;\/li&gt;\n&lt;li&gt;Heat &amp; Cool&lt;\/li&gt;\n&lt;li&gt;Laser Cut&lt;\/li&gt;\n&lt;li&gt;Optical \/ Lighting Parts&lt;\/li&gt;\n&lt;li&gt;Tool Shop&lt;\/li&gt;\n&lt;li&gt;Assy Process 7 6 Axis Robot&lt;\/li&gt;\n&lt;li&gt;Lighting Electronics Assembly&lt;\/li&gt;\n&lt;li&gt;Process control with artificial vision&lt;\/li&gt;\n&lt;\/ul&gt;\n&lt;\/div&gt;\r\n\t\t\t \t\t \t\t \">\r\n\t\t \t\t\t\t\t \t\t\t\t\t \t\t\t<div class=\"pins_animation ihotspot_pulse\" style=\"top:-20px;left:-20px;height:40px;width:40px\"><\/div>\r\n\t\t\t \t\t\t\t\t \t\t<img decoding=\"async\" src=\"https:\/\/novatecgroup.com\/wp-content\/uploads\/2021\/09\/1-e1631129481964.png\" class=\"pins_image ihotspot_hastooltop\" style=\"top:-20px;left:-20px\">\r\n\t\t\t \t\t\t\t \t\t\t\t \t<\/div>\r\n\t\t <\/div>\r\n\t\t \t\t \r\n\t\t  \t\t \t\r\n\t <\/div>\r\n\t <\/div>\r\n\t <\/div>\r\n\t[\/vc_column_text][\/vc_column][\/vc_row][vc_row gap=&#8220;10&#8243; content_placement=&#8220;middle&#8220; gradient_colors=&#8220;%5B%7B%7D%5D&#8220; css=&#8220;.vc_custom_1658341873173{margin-top: 2.5% !important;}&#8220; el_id=&#8220;PLANTAS&#8220;][vc_column width=&#8220;1\/4&#8243;][vc_custom_heading text=&#8220;Tanger, Marokko&#8220; font_container=&#8220;tag:h3|font_size:20|text_align:left|color:%23aa2323|line_height:1.1&#8243; google_fonts=&#8220;font_family:Raleway%3A100%2C200%2C300%2Cregular%2C500%2C600%2C700%2C800%2C900|font_style:700%20bold%20regular%3A700%3Anormal&#8220; css=&#8220;.vc_custom_1658342519417{padding-top: 0px !important;padding-bottom: 0px !important;}&#8220; el_class=&#8220;decor-right&#8220;][vc_images_carousel images=&#8220;11082,11081&#8243; img_size=&#8220;310&#215;310&#8243; onclick=&#8220;link_no&#8220; autoplay=&#8220;yes&#8220; hide_prev_next_buttons=&#8220;yes&#8220; wrap=&#8220;yes&#8220;][\/vc_column][vc_column width=&#8220;1\/4&#8243;][vc_custom_heading text=&#8220;Le\u00f3n, Mexiko&#8220; font_container=&#8220;tag:h3|font_size:20|text_align:left|color:%23aa2323|line_height:1.1&#8243; google_fonts=&#8220;font_family:Raleway%3A100%2C200%2C300%2Cregular%2C500%2C600%2C700%2C800%2C900|font_style:700%20bold%20regular%3A700%3Anormal&#8220; css=&#8220;.vc_custom_1658342539654{padding-top: 0px !important;padding-bottom: 0px !important;}&#8220; el_class=&#8220;decor-right&#8220;][vc_images_carousel images=&#8220;11083,11084&#8243; img_size=&#8220;310&#215;310&#8243; onclick=&#8220;link_no&#8220; autoplay=&#8220;yes&#8220; hide_prev_next_buttons=&#8220;yes&#8220; wrap=&#8220;yes&#8220;][\/vc_column][vc_column width=&#8220;1\/4&#8243;][vc_custom_heading text=&#8220;Valencia, Spanien&#8220; font_container=&#8220;tag:h3|font_size:20|text_align:left|color:%23aa2323|line_height:1.1&#8243; google_fonts=&#8220;font_family:Raleway%3A100%2C200%2C300%2Cregular%2C500%2C600%2C700%2C800%2C900|font_style:700%20bold%20regular%3A700%3Anormal&#8220; css=&#8220;.vc_custom_1658342662857{padding-top: 0px !important;padding-bottom: 0px !important;}&#8220; el_class=&#8220;decor-right&#8220;][vc_images_carousel images=&#8220;11091,11090&#8243; img_size=&#8220;310&#215;310&#8243; onclick=&#8220;link_no&#8220; autoplay=&#8220;yes&#8220; hide_prev_next_buttons=&#8220;yes&#8220; wrap=&#8220;yes&#8220;][\/vc_column][vc_column width=&#8220;1\/4&#8243;][vc_custom_heading text=&#8220;Chomutov, Tschechische Republik&#8220; font_container=&#8220;tag:h3|font_size:20|text_align:left|color:%23aa2323|line_height:1.1&#8243; google_fonts=&#8220;font_family:Raleway%3A100%2C200%2C300%2Cregular%2C500%2C600%2C700%2C800%2C900|font_style:700%20bold%20regular%3A700%3Anormal&#8220; css=&#8220;.vc_custom_1658342684260{padding-top: 0px !important;padding-bottom: 0px !important;}&#8220; el_class=&#8220;decor-right&#8220;][vc_images_carousel images=&#8220;11093,11092&#8243; img_size=&#8220;310&#215;310&#8243; onclick=&#8220;link_no&#8220; autoplay=&#8220;yes&#8220; hide_prev_next_buttons=&#8220;yes&#8220; wrap=&#8220;yes&#8220;][\/vc_column][\/vc_row]<\/p>\n","protected":false},"excerpt":{"rendered":"<p>[vc_row full_width=&#8220;stretch_row_content_no_spaces&#8220; content_placement=&#8220;top&#8220; gradient_colors=&#8220;%5B%7B%7D%5D&#8220; css=&#8220;.vc_custom_1664913999443{background-image: url(https:\/\/novatecgroup.com\/wp-content\/uploads\/2021\/10\/3front-part-of-brand-new-modern-car-parked-at-showr-6AA7AAR.jpg?id=11106) !important;background-position: center !important;background-repeat: no-repeat !important;background-size: cover !important;}&#8220;][vc_column gradient_colors=&#8220;%5B%7B%7D%5D&#8220; css=&#8220;.vc_custom_1633064092038{margin-top: 150px !important;margin-bottom: 150px !important;}&#8220;][vc_custom_heading text=&#8220;\u00dcber uns&#8220; font_container=&#8220;tag:h1|font_size:48|text_align:center|color:%23ffffff|line_height:1.9&#8243; google_fonts=&#8220;font_family:Raleway%3A100%2C200%2C300%2Cregular%2C500%2C600%2C700%2C800%2C900|font_style:700%20bold%20regular%3A700%3Anormal&#8220; css=&#8220;.vc_custom_1633063259907{padding-top: 30px !important;padding-right: 50px !important;padding-bottom: 0px !important;}&#8220;][\/vc_column][\/vc_row][vc_row content_placement=&#8220;top&#8220; gradient_colors=&#8220;%5B%7B%7D%5D&#8220; css=&#8220;.vc_custom_1633063218894{margin-top: 5% !important;}&#8220;][vc_column width=&#8220;1\/2&#8243; gradient_colors=&#8220;%5B%7B%7D%5D&#8220;][m_info_box type=&#8220;1&#8243; link=&#8220;url:http%3A%2F%2Fmoresa.templines.org%2F|title:Get%20in%20touch||&#8220; link_text=&#8220;get in touch&#8220; title=&#8220;Wir sind Novatec&#8220;]Novatecgroup ist ein unternehmen f\u00fcr kunststoffeinspritzung, das auf design, entwicklung und [&hellip;]<\/p>\n","protected":false},"author":1,"featured_media":0,"parent":0,"menu_order":0,"comment_status":"closed","ping_status":"closed","template":"page-home.php","meta":{"_monsterinsights_skip_tracking":false,"_monsterinsights_sitenote_active":false,"_monsterinsights_sitenote_note":"","_monsterinsights_sitenote_category":0,"footnotes":""},"class_list":["post-9964","page","type-page","status-publish","hentry"],"_links":{"self":[{"href":"https:\/\/novatecgroup.com\/de\/wp-json\/wp\/v2\/pages\/9964","targetHints":{"allow":["GET"]}}],"collection":[{"href":"https:\/\/novatecgroup.com\/de\/wp-json\/wp\/v2\/pages"}],"about":[{"href":"https:\/\/novatecgroup.com\/de\/wp-json\/wp\/v2\/types\/page"}],"author":[{"embeddable":true,"href":"https:\/\/novatecgroup.com\/de\/wp-json\/wp\/v2\/users\/1"}],"replies":[{"embeddable":true,"href":"https:\/\/novatecgroup.com\/de\/wp-json\/wp\/v2\/comments?post=9964"}],"version-history":[{"count":111,"href":"https:\/\/novatecgroup.com\/de\/wp-json\/wp\/v2\/pages\/9964\/revisions"}],"predecessor-version":[{"id":11366,"href":"https:\/\/novatecgroup.com\/de\/wp-json\/wp\/v2\/pages\/9964\/revisions\/11366"}],"wp:attachment":[{"href":"https:\/\/novatecgroup.com\/de\/wp-json\/wp\/v2\/media?parent=9964"}],"curies":[{"name":"wp","href":"https:\/\/api.w.org\/{rel}","templated":true}]}}