{"id":9406,"date":"2017-02-26T00:03:56","date_gmt":"2017-02-26T00:03:56","guid":{"rendered":"http:\/\/moresa.templines.org\/?page_id=9406"},"modified":"2025-03-24T23:46:48","modified_gmt":"2025-03-24T23:46:48","slug":"home","status":"publish","type":"page","link":"https:\/\/novatecgroup.com\/de\/","title":{"rendered":"Home"},"content":{"rendered":"<p>[vc_row full_width=&#8220;stretch_row_content_no_spaces&#8220; equal_height=&#8220;yes&#8220; gradient_colors=&#8220;%5B%7B%7D%5D&#8220; css=&#8220;.vc_custom_1658341132088{margin-right: -36px !important;}&#8220;][vc_column]\t\t\t<script type=\"text\/javascript\" src=\"\/\/novatecgroup.com\/wp-content\/plugins\/revslider\/public\/assets\/js\/rbtools.min.js?rev=6.3.5\"><\/script>\n\t\t\t<script type=\"text\/javascript\" src=\"\/\/novatecgroup.com\/wp-content\/plugins\/revslider\/public\/assets\/js\/rs6.min.js?rev=6.3.5\"><\/script>\n\n\t\t\t<!-- START NovatecGerman REVOLUTION SLIDER 6.3.5 --><p class=\"rs-p-wp-fix\"><\/p>\n\t\t\t<rs-module-wrap id=\"rev_slider_4_1_wrapper\" data-source=\"gallery\" style=\"background:transparent;padding:0;\">\n\t\t\t\t<rs-module id=\"rev_slider_4_1\" style=\"\" data-version=\"6.3.5\">\n\t\t\t\t\t<rs-slides>\n\t\t\t\t\t\t<rs-slide data-key=\"rs-6\" data-title=\"Slide\" data-anim=\"ei:d;eo:d;s:600;r:0;t:fade;sl:d;\"\t\t\tdata-segmenteffect=''\n\t\t\tdata-segmenteffect_style ='style1'\n>\n\t\t\t\t\t\t\t<img loading=\"lazy\" decoding=\"async\" src=\"\/\/novatecgroup.com\/wp-content\/plugins\/revslider\/public\/assets\/assets\/dummy.png\" alt=\"Slide\" title=\"day2022-bmw-m240i-exterior-headlight\" width=\"1280\" height=\"720\" data-lazyload=\"\/\/novatecgroup.com\/wp-content\/plugins\/revslider\/public\/assets\/assets\/transparent.png\" data-parallax=\"off\" class=\"rev-slidebg\" data-no-retina>\n<!--\n\t\t\t\t\t\t\t--><rs-layer\n\t\t\t\t\t\t\t\tid=\"slider-4-slide-6-layer-0\" \n\t\t\t\t\t\t\t\tdata-type=\"image\"\n\t\t\t\t\t\t\t\tdata-rsp_ch=\"on\"\n\t\t\t\t\t\t\t\tdata-text=\"w:normal;s:20,16,12,7;l:0,20,15,9;\"\n\t\t\t\t\t\t\t\tdata-dim=\"w:['100%','100%','100%','100%'];h:['100%','100%','100%','100%'];\"\n\t\t\t\t\t\t\t\tdata-basealign=\"slide\"\n\t\t\t\t\t\t\t\tdata-frame_1=\"st:2060;sR:2060;\"\n\t\t\t\t\t\t\t\tdata-frame_999=\"o:0;st:w;sR:6640;\"\n\t\t\t\t\t\t\t\tstyle=\"z-index:10;\"\n\t\t\t\t\t\t\t><img loading=\"lazy\" decoding=\"async\" src=\"\/\/novatecgroup.com\/wp-content\/plugins\/revslider\/public\/assets\/assets\/dummy.png\" width=\"1280\" height=\"720\" data-lazyload=\"\/\/novatecgroup.com\/wp-content\/uploads\/2021\/10\/2022-bmw-m240i-exterior-headlight.jpg\" data-c=\"cover-proportional\" data-no-retina> \n\t\t\t\t\t\t\t<\/rs-layer><!--\n\n\t\t\t\t\t\t\t--><rs-layer\n\t\t\t\t\t\t\t\tid=\"slider-4-slide-6-layer-1\" \n\t\t\t\t\t\t\t\tclass=\"rs-pxl-1\"\n\t\t\t\t\t\t\t\tdata-type=\"text\"\n\t\t\t\t\t\t\t\tdata-rsp_ch=\"on\"\n\t\t\t\t\t\t\t\tdata-xy=\"x:c;xo:0,-2px,-2px,-1px;y:m;yo:-83px,-72px,-72px,-21px;\"\n\t\t\t\t\t\t\t\tdata-text=\"s:50,50,50,30;l:50,50,50,30;a:inherit;\"\n\t\t\t\t\t\t\t\tdata-frame_1=\"st:590;sp:480;sR:590;\"\n\t\t\t\t\t\t\t\tdata-frame_999=\"o:0;st:w;sR:7930;\"\n\t\t\t\t\t\t\t\tstyle=\"z-index:11;font-family:Raleway;\"\n\t\t\t\t\t\t\t>Willkommen bei \n\t\t\t\t\t\t\t<\/rs-layer><!--\n\n\t\t\t\t\t\t\t--><rs-layer\n\t\t\t\t\t\t\t\tid=\"slider-4-slide-6-layer-3\" \n\t\t\t\t\t\t\t\tdata-type=\"image\"\n\t\t\t\t\t\t\t\tdata-rsp_ch=\"on\"\n\t\t\t\t\t\t\t\tdata-text=\"w:normal;s:20,16,12,7;l:0,20,15,9;\"\n\t\t\t\t\t\t\t\tdata-dim=\"w:['100%','100%','100%','100%'];h:['100%','100%','100%','100%'];\"\n\t\t\t\t\t\t\t\tdata-basealign=\"slide\"\n\t\t\t\t\t\t\t\tdata-frame_999=\"o:0;st:w;sR:8700;\"\n\t\t\t\t\t\t\t\tstyle=\"z-index:9;\"\n\t\t\t\t\t\t\t><img loading=\"lazy\" decoding=\"async\" src=\"\/\/novatecgroup.com\/wp-content\/plugins\/revslider\/public\/assets\/assets\/dummy.png\" width=\"1280\" height=\"720\" data-lazyload=\"\/\/novatecgroup.com\/wp-content\/uploads\/2021\/10\/day2022-bmw-m240i-exterior-headlight.jpg\" data-c=\"cover-proportional\" data-no-retina> \n\t\t\t\t\t\t\t<\/rs-layer><!--\n\n\t\t\t\t\t\t\t--><rs-layer\n\t\t\t\t\t\t\t\tid=\"slider-4-slide-6-layer-4\" \n\t\t\t\t\t\t\t\tdata-type=\"image\"\n\t\t\t\t\t\t\t\tdata-rsp_ch=\"on\"\n\t\t\t\t\t\t\t\tdata-xy=\"x:c;yo:405px,334px,452px,374px;\"\n\t\t\t\t\t\t\t\tdata-text=\"w:normal;s:20,16,12,7;l:0,20,15,9;\"\n\t\t\t\t\t\t\t\tdata-dim=\"w:428px,353px,268px,165px;h:156px,128px,97px,59px;\"\n\t\t\t\t\t\t\t\tdata-frame_1=\"st:2420;sR:2420;\"\n\t\t\t\t\t\t\t\tdata-frame_999=\"o:0;st:w;sR:6280;\"\n\t\t\t\t\t\t\t\tstyle=\"z-index:13;\"\n\t\t\t\t\t\t\t><img loading=\"lazy\" decoding=\"async\" src=\"\/\/novatecgroup.com\/wp-content\/plugins\/revslider\/public\/assets\/assets\/dummy.png\" width=\"428\" height=\"156\" data-lazyload=\"\/\/novatecgroup.com\/wp-content\/uploads\/2021\/08\/Recurso-1.png\" data-no-retina> \n\t\t\t\t\t\t\t<\/rs-layer><!--\n\n\t\t\t\t\t\t\t--><rs-layer\n\t\t\t\t\t\t\t\tid=\"slider-4-slide-6-layer-7\" \n\t\t\t\t\t\t\t\tclass=\"rs-pxl-1\"\n\t\t\t\t\t\t\t\tdata-type=\"image\"\n\t\t\t\t\t\t\t\tdata-rsp_ch=\"on\"\n\t\t\t\t\t\t\t\tdata-xy=\"x:c;xo:0,0,-978px,-1003px;yo:273px,241px,595px,302px;\"\n\t\t\t\t\t\t\t\tdata-text=\"l:22;a:inherit;\"\n\t\t\t\t\t\t\t\tdata-dim=\"w:['600px','600px','600px','600px'];h:['300px','300px','300px','300px'];\"\n\t\t\t\t\t\t\t\tdata-vbility=\"t,t,f,f\"\n\t\t\t\t\t\t\t\tdata-frame_1=\"st:1710;sR:1710;\"\n\t\t\t\t\t\t\t\tdata-frame_999=\"o:0;st:w;sR:6990;\"\n\t\t\t\t\t\t\t\tstyle=\"z-index:8;\"\n\t\t\t\t\t\t\t><img loading=\"lazy\" decoding=\"async\" src=\"\/\/novatecgroup.com\/wp-content\/plugins\/revslider\/public\/assets\/assets\/dummy.png\" width=\"600\" height=\"300\" data-lazyload=\"\" data-no-retina> \n\t\t\t\t\t\t\t<\/rs-layer><!--\n-->\t\t\t\t\t\t<\/rs-slide>\n\t\t\t\t\t\t<rs-slide data-key=\"rs-7\" data-title=\"Slide\" data-anim=\"ei:d;eo:d;s:600;r:0;t:fade;sl:d;\"\t\t\tdata-segmenteffect=''\n\t\t\tdata-segmenteffect_style ='style1'\n>\n\t\t\t\t\t\t\t<img loading=\"lazy\" decoding=\"async\" src=\"\/\/novatecgroup.com\/wp-content\/plugins\/revslider\/public\/assets\/assets\/dummy.png\" width=\"1600\" height=\"1089\" data-lazyload=\"\/\/novatecgroup.com\/wp-content\/uploads\/2021\/10\/2Mercedes-Benz-GLS-2020-1600-99.jpg\" data-parallax=\"off\" class=\"rev-slidebg\" data-no-retina>\n<!--\n\t\t\t\t\t\t\t--><rs-layer\n\t\t\t\t\t\t\t\tid=\"slider-4-slide-7-layer-0\" \n\t\t\t\t\t\t\t\tdata-type=\"image\"\n\t\t\t\t\t\t\t\tdata-rsp_ch=\"on\"\n\t\t\t\t\t\t\t\tdata-text=\"w:normal;s:20,16,12,7;l:0,20,15,9;\"\n\t\t\t\t\t\t\t\tdata-dim=\"w:['100%','100%','100%','100%'];h:['100%','100%','100%','100%'];\"\n\t\t\t\t\t\t\t\tdata-basealign=\"slide\"\n\t\t\t\t\t\t\t\tdata-frame_1=\"st:2060;sR:2060;\"\n\t\t\t\t\t\t\t\tdata-frame_999=\"o:0;st:w;sR:6640;\"\n\t\t\t\t\t\t\t\tstyle=\"z-index:10;\"\n\t\t\t\t\t\t\t><img loading=\"lazy\" decoding=\"async\" src=\"\/\/novatecgroup.com\/wp-content\/plugins\/revslider\/public\/assets\/assets\/dummy.png\" width=\"1600\" height=\"1089\" data-lazyload=\"\/\/novatecgroup.com\/wp-content\/uploads\/2021\/10\/1Mercedes-Benz-GLS-2020-1600-99.jpg\" data-c=\"cover-proportional\" data-no-retina> \n\t\t\t\t\t\t\t<\/rs-layer><!--\n\n\t\t\t\t\t\t\t--><rs-layer\n\t\t\t\t\t\t\t\tid=\"slider-4-slide-7-layer-1\" \n\t\t\t\t\t\t\t\tclass=\"rs-pxl-1\"\n\t\t\t\t\t\t\t\tdata-type=\"text\"\n\t\t\t\t\t\t\t\tdata-rsp_ch=\"on\"\n\t\t\t\t\t\t\t\tdata-xy=\"x:c;xo:2px,-2px,-2px,-1px;y:m;yo:-51px,-72px,-72px,-21px;\"\n\t\t\t\t\t\t\t\tdata-text=\"s:50,50,50,30;l:50,50,50,30;a:inherit;\"\n\t\t\t\t\t\t\t\tdata-frame_1=\"st:590;sp:480;sR:590;\"\n\t\t\t\t\t\t\t\tdata-frame_999=\"o:0;st:w;sR:7930;\"\n\t\t\t\t\t\t\t\tstyle=\"z-index:11;font-family:Raleway;\"\n\t\t\t\t\t\t\t>Innen- und Au\u00dfenbeleuchtung \n\t\t\t\t\t\t\t<\/rs-layer><!--\n\n\t\t\t\t\t\t\t--><rs-layer\n\t\t\t\t\t\t\t\tid=\"slider-4-slide-7-layer-2\" \n\t\t\t\t\t\t\t\tclass=\"rs-pxl-1\"\n\t\t\t\t\t\t\t\tdata-type=\"text\"\n\t\t\t\t\t\t\t\tdata-rsp_ch=\"on\"\n\t\t\t\t\t\t\t\tdata-xy=\"x:c;xo:1px,2px,2px,-1px;y:m;yo:54px,12px,12px,34px;\"\n\t\t\t\t\t\t\t\tdata-text=\"s:70,70,70,40;l:70,70,70,40;fw:300,700,700,700;a:inherit;\"\n\t\t\t\t\t\t\t\tdata-frame_1=\"st:2430;sR:2430;\"\n\t\t\t\t\t\t\t\tdata-frame_999=\"o:0;st:w;sR:6270;\"\n\t\t\t\t\t\t\t\tstyle=\"z-index:12;font-family:Raleway;\"\n\t\t\t\t\t\t\t>f\u00fcr die Autoindustrie \n\t\t\t\t\t\t\t<\/rs-layer><!--\n\n\t\t\t\t\t\t\t--><rs-layer\n\t\t\t\t\t\t\t\tid=\"slider-4-slide-7-layer-3\" \n\t\t\t\t\t\t\t\tdata-type=\"image\"\n\t\t\t\t\t\t\t\tdata-rsp_ch=\"on\"\n\t\t\t\t\t\t\t\tdata-text=\"w:normal;s:20,16,12,7;l:0,20,15,9;\"\n\t\t\t\t\t\t\t\tdata-dim=\"w:['100%','100%','100%','100%'];h:['100%','100%','100%','100%'];\"\n\t\t\t\t\t\t\t\tdata-basealign=\"slide\"\n\t\t\t\t\t\t\t\tdata-frame_999=\"o:0;st:w;sR:8700;\"\n\t\t\t\t\t\t\t\tstyle=\"z-index:9;\"\n\t\t\t\t\t\t\t><img loading=\"lazy\" decoding=\"async\" src=\"\/\/novatecgroup.com\/wp-content\/plugins\/revslider\/public\/assets\/assets\/dummy.png\" width=\"1600\" height=\"1089\" data-lazyload=\"\/\/novatecgroup.com\/wp-content\/uploads\/2021\/10\/2Mercedes-Benz-GLS-2020-1600-99.jpg\" data-c=\"cover-proportional\" data-no-retina> \n\t\t\t\t\t\t\t<\/rs-layer><!--\n-->\t\t\t\t\t\t<\/rs-slide>\n\t\t\t\t\t<\/rs-slides>\n\t\t\t\t<\/rs-module>\n\t\t\t\t<script type=\"text\/javascript\">\n\t\t\t\t\tsetREVStartSize({c: 'rev_slider_4_1',rl:[1240,1024,778,480],el:[868,768,960,720],gw:[1240,1024,778,480],gh:[868,768,960,720],type:'standard',justify:'',layout:'fullscreen',offsetContainer:'',offset:'',mh:\"0\"});\n\t\t\t\t\tvar\trevapi4,\n\t\t\t\t\t\ttpj;\n\t\t\t\t\tfunction revinit_revslider41() {\n\t\t\t\t\tjQuery(function() {\n\t\t\t\t\t\ttpj = jQuery;\n\t\t\t\t\t\trevapi4 = tpj(\"#rev_slider_4_1\");\n\t\t\t\t\t\tif(revapi4==undefined || revapi4.revolution == undefined){\n\t\t\t\t\t\t\trevslider_showDoubleJqueryError(\"rev_slider_4_1\");\n\t\t\t\t\t\t}else{\n\t\t\t\t\t\t\trevapi4.revolution({\n\t\t\t\t\t\t\t\tsliderLayout:\"fullscreen\",\n\t\t\t\t\t\t\t\tvisibilityLevels:\"1240,1024,778,480\",\n\t\t\t\t\t\t\t\tgridwidth:\"1240,1024,778,480\",\n\t\t\t\t\t\t\t\tgridheight:\"868,768,960,720\",\n\t\t\t\t\t\t\t\tlazyType:\"all\",\n\t\t\t\t\t\t\t\tspinner:\"spinner0\",\n\t\t\t\t\t\t\t\tperspective:600,\n\t\t\t\t\t\t\t\tperspectiveType:\"local\",\n\t\t\t\t\t\t\t\teditorheight:\"868,768,960,720\",\n\t\t\t\t\t\t\t\tresponsiveLevels:\"1240,1024,778,480\",\n\t\t\t\t\t\t\t\tprogressBar:{disableProgressBar:true},\n\t\t\t\t\t\t\t\tnavigation: {\n\t\t\t\t\t\t\t\t\tonHoverStop:false\n\t\t\t\t\t\t\t\t},\n\t\t\t\t\t\t\t\tparallax: {\n\t\t\t\t\t\t\t\t\tlevels:[5,10,15,20,25,30,35,40,45,46,47,48,49,50,51,55],\n\t\t\t\t\t\t\t\t\ttype:\"mouse\"\n\t\t\t\t\t\t\t\t},\n\t\t\t\t\t\t\t\tfallbacks: {\n\t\t\t\t\t\t\t\t\tallowHTML5AutoPlayOnAndroid:true\n\t\t\t\t\t\t\t\t},\n\t\t\t\t\t\t\t});\n\t\t\t\t\t\t}\n\t\t\t\t\t\t\n                RsSegmenteffectAddOn(tpj, revapi4);\n\n\t\t\t\t\t});\n\t\t\t\t\t} \/\/ End of RevInitScript\n\t\t\t\tvar once_revslider41 = false;\n\t\t\t\tif (document.readyState === \"loading\") {document.addEventListener('readystatechange',function() { if((document.readyState === \"interactive\" || document.readyState === \"complete\") && !once_revslider41 ) { once_revslider41 = true; revinit_revslider41();}});} else {once_revslider41 = true; revinit_revslider41();}\n\t\t\t\t<\/script>\n\t\t\t<\/rs-module-wrap>\n\t\t\t<!-- END REVOLUTION SLIDER -->\n[\/vc_column][\/vc_row][vc_row ppadding=&#8220;vc_row-padding-top&#8220; gradient_colors=&#8220;%5B%7B%7D%5D&#8220; poverlay=&#8220;no-overlay&#8220; row_title=&#8220;1&#8243; title_animate=&#8220;rotateInDownLeft&#8220; css=&#8220;.vc_custom_1632403941846{padding-bottom: 65px !important;}&#8220; title=&#8220;\u00dcBER&#8220; subtitle=&#8220;Novatec&#8220; num=&#8220;01&#8243; el_id=&#8220;welcome&#8220;][vc_column width=&#8220;1\/2&#8243;][vc_row_inner][vc_column_inner css=&#8220;.vc_custom_1488471407874{padding-right: 70px !important;}&#8220;][m_about_box cut_corner_2=&#8220;left-bottom&#8220; image1=&#8220;9321&#8243; image2=&#8220;9323&#8243; title1=&#8220;Design, Entwicklung und Herstellung von&#8220; title2=&#8220;Au\u00dfen- und Innenbeleu-<br \/>\nchtung&#8220;]Novatecgroup ist ein unternehmen f\u00fcr kunststoffeinspritzung, das auf design, entwicklung und herstellung Von kunststoffteilen f\u00fcr die aussen- und innenbeleuchtung spezialisiert ist\u00a0es ist auf kostenreduzierung durch hochspezialisierte produktionsprozesse konzentriert\u00a0sowie unterbaugruppen und wertsch\u00f6pfungsprozesse.<\/p>\n<style>.b-blockquote-holder{display:none !important;}.normal-logo{max-width.250px !important;}<\/style>\n<p>[\/m_about_box][vc_separator css=&#8220;.vc_custom_1628619564036{padding-top: 15px !important;padding-bottom: 35px !important;}&#8220;][\/vc_column_inner][\/vc_row_inner][vc_row_inner][vc_column_inner width=&#8220;1\/2&#8243;][\/vc_column_inner][vc_column_inner width=&#8220;1\/2&#8243;][vc_raw_html]JTNDc3R5bGUlM0UlMjNyb2pvJTdCYmFja2dyb3VuZC1jb2xvciUzQSUyMzlkMjIzNCUyMCUyMWltcG9ydGFudCUzQiU3RCUzQyUyRnN0eWxlJTNF[\/vc_raw_html][\/vc_column_inner][\/vc_row_inner][\/vc_column][vc_column width=&#8220;1\/2&#8243;][vc_row_inner css_animation=&#8220;none&#8220; gradient_colors=&#8220;%5B%7B%7D%5D&#8220;][vc_column_inner][m_image type=&#8220;1&#8243; css_animation=&#8220;bounce&#8220; image=&#8220;10718&#8243;][\/m_image][\/vc_column_inner][\/vc_row_inner][vc_row_inner css_animation=&#8220;none&#8220; gradient_colors=&#8220;%5B%7B%7D%5D&#8220;][vc_column_inner][\/vc_column_inner][\/vc_row_inner][\/vc_column][\/vc_row][vc_row ppadding=&#8220;vc_row-padding-top&#8220; gradient_colors=&#8220;%5B%7B%7D%5D&#8220; poverlay=&#8220;no-overlay&#8220; row_title=&#8220;1&#8243; title_animate=&#8220;rotateInDownLeft&#8220; css=&#8220;.vc_custom_1632404211101{margin-bottom: 30px !important;padding-bottom: 65px !important;}&#8220; title=&#8220;TECHNOLOGIE&#8220; subtitle=&#8220;Novatec&#8220; num=&#8220;02&#8243;][vc_column width=&#8220;1\/2&#8243;][m_image type=&#8220;1&#8243; css_animation=&#8220;bounce&#8220; image=&#8220;10773&#8243;][\/m_image][\/vc_column][vc_column width=&#8220;1\/2&#8243;][vc_row_inner css_animation=&#8220;none&#8220; gradient_colors=&#8220;%5B%7B%7D%5D&#8220;][vc_column_inner][\/vc_column_inner][\/vc_row_inner][vc_row_inner][vc_column_inner css=&#8220;.vc_custom_1488471407874{padding-right: 70px !important;}&#8220;][m_about_box cut_corner_2=&#8220;left-bottom&#8220; image1=&#8220;9321&#8243; image2=&#8220;9323&#8243; title1=&#8220;Die Produkte von&#8220; title2=&#8220;unsere Technologie&#8220;][\/m_about_box][vc_separator css=&#8220;.vc_custom_1628619564036{padding-top: 15px !important;padding-bottom: 35px !important;}&#8220;][\/vc_column_inner][\/vc_row_inner][vc_row_inner][vc_column_inner width=&#8220;1\/2&#8243;][vc_column_text]<\/p>\n<h2>Produkte<\/h2>\n<p>Unsere Produkte sind das Ergebnis st\u00e4ndiger Forschung und endloser Qualit\u00e4tskontrollen, um unseren Kunden die h\u00f6chsten Qualit\u00e4tsstandards auf dem Markt zu gew\u00e4hrleisten.[\/vc_column_text][vc_btn title=&#8220;Produkte anzeigen&#8220; link=&#8220;url:%2Fde%2Fproducts%2F|title:Products&#8220;][\/vc_column_inner][vc_column_inner width=&#8220;1\/2&#8243;][vc_column_text]<\/p>\n<h2>Technologie<\/h2>\n<p>Wir forschen st\u00e4ndig nach den neuesten Technologien und investieren in sie, um ein Produkt zu schaffen, das sich von den anderen abhebt. Ein hochwertiges und hochtechnologisches Endprodukt.[\/vc_column_text][vc_btn title=&#8220;Erfahren Sie mehr&#8220; link=&#8220;url:%2Fde%2Ftechnology%2F|title:Technology&#8220;][vc_raw_html]JTNDc3R5bGUlM0UlMjNyb2pvJTdCYmFja2dyb3VuZC1jb2xvciUzQSUyMzlkMjIzNCUyMCUyMWltcG9ydGFudCUzQiU3RCUzQyUyRnN0eWxlJTNF[\/vc_raw_html][\/vc_column_inner][\/vc_row_inner][\/vc_column][\/vc_row][vc_row gradient_colors=&#8220;%5B%7B%7D%5D&#8220;][vc_column][vc_separator color=&#8220;custom&#8220; border_width=&#8220;2&#8243; accent_color=&#8220;#9d2234&#8243;][\/vc_column][\/vc_row][vc_row ppadding=&#8220;vc_row-padding-both&#8220; gradient_colors=&#8220;%5B%7B%7D%5D&#8220; poverlay=&#8220;no-overlay&#8220; row_title=&#8220;1&#8243; title_animate=&#8220;rotateInDownLeft&#8220; css=&#8220;.vc_custom_1632404367829{padding-bottom: 65px !important;}&#8220; title=&#8220;Kunden&#8220; subtitle=&#8220;Novatec&#8220; num=&#8220;03&#8243;][vc_column width=&#8220;1\/5&#8243;][vc_single_image image=&#8220;10753&#8243; img_size=&#8220;75&#215;75&#8243; alignment=&#8220;center&#8220; css=&#8220;.vc_custom_1634266253526{margin-top: 20px !important;}&#8220;][vc_single_image image=&#8220;10760&#8243; img_size=&#8220;75&#215;75&#8243; alignment=&#8220;center&#8220; css=&#8220;.vc_custom_1634266258501{margin-top: 20px !important;}&#8220;][\/vc_column][vc_column width=&#8220;1\/5&#8243;][vc_single_image image=&#8220;10752&#8243; img_size=&#8220;75&#215;75&#8243; alignment=&#8220;center&#8220;][vc_single_image image=&#8220;10761&#8243; img_size=&#8220;75&#215;75&#8243; alignment=&#8220;center&#8220;][\/vc_column][vc_column width=&#8220;1\/5&#8243;][vc_single_image image=&#8220;10757&#8243; img_size=&#8220;75&#215;75&#8243; alignment=&#8220;center&#8220;][vc_single_image image=&#8220;10764&#8243; img_size=&#8220;75&#215;75&#8243; alignment=&#8220;center&#8220;][\/vc_column][vc_column width=&#8220;1\/5&#8243;][vc_single_image image=&#8220;10758&#8243; img_size=&#8220;75&#215;75&#8243; alignment=&#8220;center&#8220;][vc_single_image image=&#8220;10762&#8243; img_size=&#8220;75&#215;75&#8243; alignment=&#8220;center&#8220;][\/vc_column][vc_column width=&#8220;1\/5&#8243;][vc_single_image image=&#8220;10759&#8243; img_size=&#8220;75&#215;75&#8243; alignment=&#8220;center&#8220;][vc_single_image image=&#8220;10763&#8243; img_size=&#8220;75&#215;75&#8243; alignment=&#8220;center&#8220;][\/vc_column][\/vc_row]<\/p>\n","protected":false},"excerpt":{"rendered":"<p>[vc_row full_width=&#8220;stretch_row_content_no_spaces&#8220; equal_height=&#8220;yes&#8220; gradient_colors=&#8220;%5B%7B%7D%5D&#8220; css=&#8220;.vc_custom_1658341132088{margin-right: -36px !important;}&#8220;][vc_column][\/vc_column][\/vc_row][vc_row ppadding=&#8220;vc_row-padding-top&#8220; gradient_colors=&#8220;%5B%7B%7D%5D&#8220; poverlay=&#8220;no-overlay&#8220; row_title=&#8220;1&#8243; title_animate=&#8220;rotateInDownLeft&#8220; css=&#8220;.vc_custom_1632403941846{padding-bottom: 65px !important;}&#8220; title=&#8220;\u00dcBER&#8220; subtitle=&#8220;Novatec&#8220; num=&#8220;01&#8243; el_id=&#8220;welcome&#8220;][vc_column width=&#8220;1\/2&#8243;][vc_row_inner][vc_column_inner css=&#8220;.vc_custom_1488471407874{padding-right: 70px !important;}&#8220;][m_about_box cut_corner_2=&#8220;left-bottom&#8220; image1=&#8220;9321&#8243; image2=&#8220;9323&#8243; title1=&#8220;Design, Entwicklung und Herstellung von&#8220; title2=&#8220;Au\u00dfen- und Innenbeleu- chtung&#8220;]Novatecgroup ist ein unternehmen f\u00fcr kunststoffeinspritzung, das auf design, entwicklung und herstellung Von kunststoffteilen f\u00fcr die aussen- und innenbeleuchtung spezialisiert ist\u00a0es [&hellip;]<\/p>\n","protected":false},"author":1,"featured_media":0,"parent":0,"menu_order":0,"comment_status":"closed","ping_status":"closed","template":"page-home.php","meta":{"_monsterinsights_skip_tracking":false,"_monsterinsights_sitenote_active":false,"_monsterinsights_sitenote_note":"","_monsterinsights_sitenote_category":0,"footnotes":""},"class_list":["post-9406","page","type-page","status-publish","hentry"],"_links":{"self":[{"href":"https:\/\/novatecgroup.com\/de\/wp-json\/wp\/v2\/pages\/9406","targetHints":{"allow":["GET"]}}],"collection":[{"href":"https:\/\/novatecgroup.com\/de\/wp-json\/wp\/v2\/pages"}],"about":[{"href":"https:\/\/novatecgroup.com\/de\/wp-json\/wp\/v2\/types\/page"}],"author":[{"embeddable":true,"href":"https:\/\/novatecgroup.com\/de\/wp-json\/wp\/v2\/users\/1"}],"replies":[{"embeddable":true,"href":"https:\/\/novatecgroup.com\/de\/wp-json\/wp\/v2\/comments?post=9406"}],"version-history":[{"count":119,"href":"https:\/\/novatecgroup.com\/de\/wp-json\/wp\/v2\/pages\/9406\/revisions"}],"predecessor-version":[{"id":11357,"href":"https:\/\/novatecgroup.com\/de\/wp-json\/wp\/v2\/pages\/9406\/revisions\/11357"}],"wp:attachment":[{"href":"https:\/\/novatecgroup.com\/de\/wp-json\/wp\/v2\/media?parent=9406"}],"curies":[{"name":"wp","href":"https:\/\/api.w.org\/{rel}","templated":true}]}}