{"id":10909,"date":"2021-09-23T14:11:32","date_gmt":"2021-09-23T14:11:32","guid":{"rendered":"http:\/\/mentoriastudio.com\/Desarrollo\/Novatec\/?page_id=10909"},"modified":"2022-10-04T22:40:04","modified_gmt":"2022-10-04T22:40:04","slug":"products","status":"publish","type":"page","link":"https:\/\/novatecgroup.com\/de\/products\/","title":{"rendered":"Products"},"content":{"rendered":"<p>[vc_row full_width=&#8220;stretch_row_content_no_spaces&#8220; gradient_colors=&#8220;%5B%7B%7D%5D&#8220; css=&#8220;.vc_custom_1664913767250{background-image: url(https:\/\/novatecgroup.com\/wp-content\/uploads\/2021\/10\/7headlights-front-of-sport-car-CJNB84Q.jpg?id=11063) !important;background-position: center !important;background-repeat: no-repeat !important;background-size: cover !important;}&#8220;][vc_column gradient_colors=&#8220;%5B%7B%7D%5D&#8220; css=&#8220;.vc_custom_1633064026246{margin-top: 200px !important;margin-bottom: 200px !important;}&#8220;][vc_custom_heading text=&#8220;Produkte&#8220; font_container=&#8220;tag:h1|text_align:center|color:%23ffffff&#8220; google_fonts=&#8220;font_family:Raleway%3A100%2C200%2C300%2Cregular%2C500%2C600%2C700%2C800%2C900|font_style:700%20bold%20regular%3A700%3Anormal&#8220;][\/vc_column][\/vc_row][vc_row equal_height=&#8220;yes&#8220; content_placement=&#8220;middle&#8220; gradient_colors=&#8220;%5B%7B%7D%5D&#8220; css=&#8220;.vc_custom_1633059277764{margin-top: 2.5% !important;margin-bottom: 5% !important;}&#8220; el_id=&#8220;lighting&#8220;][vc_column][vc_custom_heading text=&#8220;Optisches Beleuchtungsteil&#8220; font_container=&#8220;tag:h2|font_size:48|text_align:left|color:%239d2234&#8243; google_fonts=&#8220;font_family:Raleway%3A100%2C200%2C300%2Cregular%2C500%2C600%2C700%2C800%2C900|font_style:700%20bold%20regular%3A700%3Anormal&#8220;][vc_column_text css=&#8220;.vc_custom_1634258571903{padding-top: 40px !important;padding-bottom: 40px !important;}&#8220;]Beleuchtungseinspritzteile<\/p>\n<p>Anwendung: Scheinwerfer, R\u00fccklicht, chmsl, Automobilinnenraum[\/vc_column_text][vc_row_inner gradient_colors=&#8220;%5B%7B%7D%5D&#8220; css=&#8220;.vc_custom_1633058301568{padding-top: 5% !important;padding-bottom: 5% !important;}&#8220;][vc_column_inner width=&#8220;1\/3&#8243;][vc_images_carousel images=&#8220;10945,10944,10950&#8243; img_size=&#8220;350&#215;350&#8243; autoplay=&#8220;yes&#8220; hide_prev_next_buttons=&#8220;yes&#8220;][m_feature_info title=&#8220;Lichtleiter&#8220;]1K-Beleuchtungsspritzteil mit optischen Eins\u00e4tzen, durch die das Licht von 1 oder 2 LEDs axial beleuchtend durch das gesamte Teil hindurchtritt.<\/p>\n<p><strong>Teil mit regulatorischen Merkmalen.<\/strong>[\/m_feature_info][\/vc_column_inner][vc_column_inner width=&#8220;1\/3&#8243;][vc_images_carousel images=&#8220;10977,10949&#8243; img_size=&#8220;350&#215;350&#8243; autoplay=&#8220;yes&#8220; hide_prev_next_buttons=&#8220;yes&#8220;][m_feature_info title=&#8220;Dickwandiges \/ Massives F\u00fchrungslicht&#8220;]Injektionsteil der Beleuchtung in 1k oder 2k mit hoher Dicke mit durchscheinenden Materialien unter Verwendung von Leiterplatten f\u00fcr die Lichtabgabe.[\/m_feature_info][\/vc_column_inner][vc_column_inner width=&#8220;1\/3&#8243;][vc_images_carousel images=&#8220;10938,11026,11027,11028&#8243; img_size=&#8220;350&#215;350&#8243; autoplay=&#8220;yes&#8220; hide_prev_next_buttons=&#8220;yes&#8220;][m_feature_info title=&#8220;2K-Objektiv (SEO zweifarbig)&#8220;]2K Injektionsst\u00fcck mit 2 Farben, das nachtr\u00e4gliche F\u00fcgeprozesse vermeidet.[\/m_feature_info][\/vc_column_inner][\/vc_row_inner][vc_row_inner gradient_colors=&#8220;%5B%7B%7D%5D&#8220; css=&#8220;.vc_custom_1633058314440{padding-bottom: 5% !important;}&#8220;][vc_column_inner width=&#8220;1\/3&#8243;][vc_images_carousel images=&#8220;11037,11038&#8243; img_size=&#8220;350&#215;350&#8243; autoplay=&#8220;yes&#8220; hide_prev_next_buttons=&#8220;yes&#8220;][m_feature_info title=&#8220;Lichtleiter&#8220;]1K-Beleuchtungsspritzteil mit transluzenten Materialien unter Verwendung von Leiterplatten zur Lichtabgabe.[\/m_feature_info][\/vc_column_inner][vc_column_inner width=&#8220;1\/3&#8243;][vc_images_carousel images=&#8220;10947,10948&#8243; img_size=&#8220;350&#215;350&#8243; autoplay=&#8220;yes&#8220; hide_prev_next_buttons=&#8220;yes&#8220;][m_feature_info title=&#8220;Innere Linse&#8220;]Einspritzteil, das das Licht steriler und fokussierter reflektiert, egal ob auf den Scheinwerfern oder den R\u00fcckleuchten.[\/m_feature_info][\/vc_column_inner][vc_column_inner width=&#8220;1\/3&#8243;][vc_single_image image=&#8220;11039&#8243; img_size=&#8220;350&#215;350&#8243; onclick=&#8220;link_image&#8220;][m_feature_info title=&#8220;innere Linse&#8220;]Optisches Injektionsteil, bei dem es sich um eine Linse handelt, die das Licht kollimiert, dessen Lichtmuster f\u00fcr die Beleuchtung des Fern- und Abblendlichts des Automobils spezifisch ist.[\/m_feature_info][\/vc_column_inner][\/vc_row_inner][vc_separator style=&#8220;shadow&#8220; border_width=&#8220;3&#8243;][\/vc_column][\/vc_row][vc_row equal_height=&#8220;yes&#8220; content_placement=&#8220;middle&#8220; gradient_colors=&#8220;%5B%7B%7D%5D&#8220; css=&#8220;.vc_custom_1633059294902{margin-bottom: 5% !important;}&#8220; el_id=&#8220;reflex&#8220;][vc_column][vc_row_inner gradient_colors=&#8220;%5B%7B%7D%5D&#8220; css=&#8220;.vc_custom_1633058323280{padding-bottom: 5% !important;}&#8220;][vc_column_inner width=&#8220;1\/3&#8243;][vc_custom_heading text=&#8220;Optische Linse&#8220; font_container=&#8220;tag:h2|font_size:48|text_align:left|color:%239d2234&#8243; google_fonts=&#8220;font_family:Raleway%3A100%2C200%2C300%2Cregular%2C500%2C600%2C700%2C800%2C900|font_style:700%20bold%20regular%3A700%3Anormal&#8220;][vc_column_text css=&#8220;.vc_custom_1634258356137{padding-top: 40px !important;padding-bottom: 40px !important;}&#8220;]Anwendung: Kfz-Scheinwerfer[\/vc_column_text][vc_single_image image=&#8220;11043&#8243; img_size=&#8220;350&#215;350&#8243; onclick=&#8220;link_image&#8220;][m_feature_info title=&#8220;Optical Lens&#8220;]Injektionsteil der Beleuchtung in 2k oder 3k mit hoher Dicke mit durchscheinenden Materialien. Teil mit geometrischen, optischen, kosmetischen und funktionalen Anforderungen[\/m_feature_info][\/vc_column_inner][vc_column_inner width=&#8220;1\/3&#8243;][vc_custom_heading text=&#8220;Reflex&#8220; font_container=&#8220;tag:h2|font_size:48|text_align:left|color:%239d2234&#8243; google_fonts=&#8220;font_family:Raleway%3A100%2C200%2C300%2Cregular%2C500%2C600%2C700%2C800%2C900|font_style:700%20bold%20regular%3A700%3Anormal&#8220;][vc_column_text css=&#8220;.vc_custom_1634258387651{padding-top: 40px !important;padding-bottom: 40px !important;}&#8220;]Anwendung: Scheinwerfer-, R\u00fccklicht-, Seiten- und Fahrzeugverkleidungsanwendung.[\/vc_column_text][vc_images_carousel images=&#8220;11030,11031,11032&#8243; img_size=&#8220;350&#215;350&#8243; autoplay=&#8220;yes&#8220; hide_prev_next_buttons=&#8220;yes&#8220;][m_feature_info title=&#8220;Reflex&#8220;]Spritzteil mit optischen Eins\u00e4tzen mit Lichtreflexionsfunktion, kann bernsteinfarben, rot oder transparent sein.[\/m_feature_info][\/vc_column_inner][vc_column_inner width=&#8220;1\/3&#8243;][vc_custom_heading text=&#8220;Aspekt Teil&#8220; font_container=&#8220;tag:h2|font_size:48|text_align:left|color:%239d2234&#8243; google_fonts=&#8220;font_family:Raleway%3A100%2C200%2C300%2Cregular%2C500%2C600%2C700%2C800%2C900|font_style:700%20bold%20regular%3A700%3Anormal&#8220;][vc_column_text css=&#8220;.vc_custom_1634258514063{padding-top: 40px !important;padding-bottom: 40px !important;}&#8220;]Anwendung: Kfz-Scheinwerfer, R\u00fccklicht Innen- und Au\u00dfenanwendung[\/vc_column_text][vc_images_carousel images=&#8220;11042,11041&#8243; img_size=&#8220;350&#215;350&#8243; autoplay=&#8220;yes&#8220; hide_prev_next_buttons=&#8220;yes&#8220;][m_feature_info title=&#8220;Aspekt Teil&#8220;]Strukturspritzguss oder Aspektteil mit spezifischen funktionellen und kosmetischen Anforderungen.[\/m_feature_info][\/vc_column_inner][\/vc_row_inner][vc_separator style=&#8220;shadow&#8220; border_width=&#8220;3&#8243;][\/vc_column][\/vc_row][vc_row equal_height=&#8220;yes&#8220; content_placement=&#8220;middle&#8220; gradient_colors=&#8220;%5B%7B%7D%5D&#8220; css=&#8220;.vc_custom_1633059304730{border-bottom-width: 5% !important;}&#8220; el_id=&#8220;structural&#8220;][vc_column][vc_custom_heading text=&#8220;Strukturteile&#8220; font_container=&#8220;tag:h2|font_size:48|text_align:left|color:%239d2234&#8243; google_fonts=&#8220;font_family:Raleway%3A100%2C200%2C300%2Cregular%2C500%2C600%2C700%2C800%2C900|font_style:700%20bold%20regular%3A700%3Anormal&#8220;][vc_column_text css=&#8220;.vc_custom_1634258496574{padding-top: 40px !important;padding-bottom: 40px !important;}&#8220;]Strukturteile sind Produkte, die mit spezifischen funktionalen oder kosmetischen Anforderungen entworfen und gebaut werden.[\/vc_column_text][vc_row_inner gradient_colors=&#8220;%5B%7B%7D%5D&#8220; css=&#8220;.vc_custom_1633058340088{padding-bottom: 5% !important;}&#8220;][vc_column_inner width=&#8220;1\/3&#8243;][vc_images_carousel images=&#8220;11000,11001,10981&#8243; img_size=&#8220;350&#215;350&#8243; autoplay=&#8220;yes&#8220; hide_prev_next_buttons=&#8220;yes&#8220;][m_feature_info title=&#8220;Tankklappenmodul&#8220;]Strukturspritzguss oder Aspektteil mit spezifischen funktionellen oder kosmetischen Anforderungen.[\/m_feature_info][\/vc_column_inner][vc_column_inner width=&#8220;1\/3&#8243;][vc_single_image image=&#8220;10980&#8243; img_size=&#8220;350&#215;350&#8243; alignment=&#8220;center&#8220; onclick=&#8220;link_image&#8220;][m_feature_info title=&#8220;Geh\u00e4use&#8220;]Strukturteil in 1k oder 2k, in dem die Elektronik- und Kunststoffkomponenten zusammengebaut werden.[\/m_feature_info][\/vc_column_inner][vc_column_inner width=&#8220;1\/3&#8243;][vc_single_image image=&#8220;11023&#8243; img_size=&#8220;350&#215;350&#8243; alignment=&#8220;center&#8220; onclick=&#8220;link_image&#8220;][m_feature_info title=&#8220;Strukturelles Teil&#8220;]Strukturteil in 1k oder 2k, in dem die Elektronik- und Kunststoffkomponenten zusammengebaut werden.[\/m_feature_info][\/vc_column_inner][\/vc_row_inner][vc_separator style=&#8220;shadow&#8220; border_width=&#8220;3&#8243;][\/vc_column][\/vc_row]<\/p>\n","protected":false},"excerpt":{"rendered":"<p>[vc_row full_width=&#8220;stretch_row_content_no_spaces&#8220; gradient_colors=&#8220;%5B%7B%7D%5D&#8220; css=&#8220;.vc_custom_1664913767250{background-image: url(https:\/\/novatecgroup.com\/wp-content\/uploads\/2021\/10\/7headlights-front-of-sport-car-CJNB84Q.jpg?id=11063) !important;background-position: center !important;background-repeat: no-repeat !important;background-size: cover !important;}&#8220;][vc_column gradient_colors=&#8220;%5B%7B%7D%5D&#8220; css=&#8220;.vc_custom_1633064026246{margin-top: 200px !important;margin-bottom: 200px !important;}&#8220;][vc_custom_heading text=&#8220;Produkte&#8220; font_container=&#8220;tag:h1|text_align:center|color:%23ffffff&#8220; google_fonts=&#8220;font_family:Raleway%3A100%2C200%2C300%2Cregular%2C500%2C600%2C700%2C800%2C900|font_style:700%20bold%20regular%3A700%3Anormal&#8220;][\/vc_column][\/vc_row][vc_row equal_height=&#8220;yes&#8220; content_placement=&#8220;middle&#8220; gradient_colors=&#8220;%5B%7B%7D%5D&#8220; css=&#8220;.vc_custom_1633059277764{margin-top: 2.5% !important;margin-bottom: 5% !important;}&#8220; el_id=&#8220;lighting&#8220;][vc_column][vc_custom_heading text=&#8220;Optisches Beleuchtungsteil&#8220; font_container=&#8220;tag:h2|font_size:48|text_align:left|color:%239d2234&#8243; google_fonts=&#8220;font_family:Raleway%3A100%2C200%2C300%2Cregular%2C500%2C600%2C700%2C800%2C900|font_style:700%20bold%20regular%3A700%3Anormal&#8220;][vc_column_text css=&#8220;.vc_custom_1634258571903{padding-top: 40px !important;padding-bottom: 40px !important;}&#8220;]Beleuchtungseinspritzteile Anwendung: Scheinwerfer, R\u00fccklicht, chmsl, Automobilinnenraum[\/vc_column_text][vc_row_inner gradient_colors=&#8220;%5B%7B%7D%5D&#8220; css=&#8220;.vc_custom_1633058301568{padding-top: 5% !important;padding-bottom: 5% !important;}&#8220;][vc_column_inner width=&#8220;1\/3&#8243;][vc_images_carousel images=&#8220;10945,10944,10950&#8243; img_size=&#8220;350&#215;350&#8243; autoplay=&#8220;yes&#8220; hide_prev_next_buttons=&#8220;yes&#8220;][m_feature_info [&hellip;]<\/p>\n","protected":false},"author":1,"featured_media":0,"parent":0,"menu_order":0,"comment_status":"closed","ping_status":"closed","template":"page-home.php","meta":{"_monsterinsights_skip_tracking":false,"_monsterinsights_sitenote_active":false,"_monsterinsights_sitenote_note":"","_monsterinsights_sitenote_category":0,"footnotes":""},"class_list":["post-10909","page","type-page","status-publish","hentry"],"_links":{"self":[{"href":"https:\/\/novatecgroup.com\/de\/wp-json\/wp\/v2\/pages\/10909","targetHints":{"allow":["GET"]}}],"collection":[{"href":"https:\/\/novatecgroup.com\/de\/wp-json\/wp\/v2\/pages"}],"about":[{"href":"https:\/\/novatecgroup.com\/de\/wp-json\/wp\/v2\/types\/page"}],"author":[{"embeddable":true,"href":"https:\/\/novatecgroup.com\/de\/wp-json\/wp\/v2\/users\/1"}],"replies":[{"embeddable":true,"href":"https:\/\/novatecgroup.com\/de\/wp-json\/wp\/v2\/comments?post=10909"}],"version-history":[{"count":101,"href":"https:\/\/novatecgroup.com\/de\/wp-json\/wp\/v2\/pages\/10909\/revisions"}],"predecessor-version":[{"id":11290,"href":"https:\/\/novatecgroup.com\/de\/wp-json\/wp\/v2\/pages\/10909\/revisions\/11290"}],"wp:attachment":[{"href":"https:\/\/novatecgroup.com\/de\/wp-json\/wp\/v2\/media?parent=10909"}],"curies":[{"name":"wp","href":"https:\/\/api.w.org\/{rel}","templated":true}]}}